{"id":1331,"date":"2018-02-06T02:21:55","date_gmt":"2018-02-06T10:21:55","guid":{"rendered":"https:\/\/forestlawn.com\/our-parks\/"},"modified":"2025-10-08T17:22:17","modified_gmt":"2025-10-09T00:22:17","slug":"localidades","status":"publish","type":"page","link":"https:\/\/forestlawn.com\/es\/localidades\/","title":{"rendered":"Localidades"},"content":{"rendered":"<p>Ya sea que usted est\u00e9 conmemorando la vida de un ser querido, asistiendo a una celebraci\u00f3n, o apreciando nuestra colecci\u00f3n de arte y arquitectura, estamos aqu\u00ed para servirle en nuestros seis parques conmemorativos o una de nuestras cinco oficinas de planificaci\u00f3n.<\/p>\n","protected":false},"excerpt":{"rendered":"<p>Ya sea que usted est\u00e9 conmemorando la vida de un ser querido, asistiendo a una celebraci\u00f3n, o apreciando nuestra colecci\u00f3n de arte y arquitectura, estamos [&hellip;]<\/p>\n","protected":false},"author":15,"featured_media":0,"parent":0,"menu_order":424,"comment_status":"closed","ping_status":"closed","template":"template-parks-page.php","meta":{"_acf_changed":false,"inline_featured_image":false,"footnotes":""},"class_list":["post-1331","page","type-page","status-publish","hentry"],"acf":[],"yoast_head":"<!-- This site is optimized with the Yoast SEO Premium plugin v27.3 (Yoast SEO v27.3) - https:\/\/yoast.com\/product\/yoast-seo-premium-wordpress\/ -->\n<title>Localidades - Forest Lawn<\/title>\n<meta name=\"robots\" content=\"index, follow, max-snippet:-1, max-image-preview:large, max-video-preview:-1\" \/>\n<link rel=\"canonical\" href=\"https:\/\/forestlawn.com\/es\/localidades\/\" \/>\n<meta property=\"og:locale\" content=\"es_ES\" \/>\n<meta property=\"og:type\" content=\"article\" \/>\n<meta property=\"og:title\" content=\"Localidades\" \/>\n<meta property=\"og:description\" content=\"Ya sea que usted est\u00e9 conmemorando la vida de un ser querido, asistiendo a una celebraci\u00f3n, o apreciando nuestra colecci\u00f3n de arte y arquitectura, estamos [&hellip;]\" \/>\n<meta property=\"og:url\" content=\"https:\/\/forestlawn.com\/es\/localidades\/\" \/>\n<meta property=\"og:site_name\" content=\"Forest Lawn\" \/>\n<meta property=\"article:modified_time\" content=\"2025-10-09T00:22:17+00:00\" \/>\n<meta name=\"twitter:card\" content=\"summary_large_image\" \/>\n<script type=\"application\/ld+json\" class=\"yoast-schema-graph\">{\"@context\":\"https:\\\/\\\/schema.org\",\"@graph\":[{\"@type\":\"WebPage\",\"@id\":\"https:\\\/\\\/forestlawn.com\\\/es\\\/localidades\\\/\",\"url\":\"https:\\\/\\\/forestlawn.com\\\/es\\\/localidades\\\/\",\"name\":\"Localidades - Forest Lawn\",\"isPartOf\":{\"@id\":\"https:\\\/\\\/forestlawn.com\\\/es\\\/#website\"},\"datePublished\":\"2018-02-06T10:21:55+00:00\",\"dateModified\":\"2025-10-09T00:22:17+00:00\",\"breadcrumb\":{\"@id\":\"https:\\\/\\\/forestlawn.com\\\/es\\\/localidades\\\/#breadcrumb\"},\"inLanguage\":\"es\",\"potentialAction\":[{\"@type\":\"ReadAction\",\"target\":[\"https:\\\/\\\/forestlawn.com\\\/es\\\/localidades\\\/\"]}]},{\"@type\":\"BreadcrumbList\",\"@id\":\"https:\\\/\\\/forestlawn.com\\\/es\\\/localidades\\\/#breadcrumb\",\"itemListElement\":[{\"@type\":\"ListItem\",\"position\":1,\"name\":\"Home\",\"item\":\"https:\\\/\\\/forestlawn.com\\\/es\\\/\"},{\"@type\":\"ListItem\",\"position\":2,\"name\":\"Localidades\"}]},{\"@type\":\"WebSite\",\"@id\":\"https:\\\/\\\/forestlawn.com\\\/es\\\/#website\",\"url\":\"https:\\\/\\\/forestlawn.com\\\/es\\\/\",\"name\":\"Forest Lawn\",\"description\":\"Forest Lawn\",\"potentialAction\":[{\"@type\":\"SearchAction\",\"target\":{\"@type\":\"EntryPoint\",\"urlTemplate\":\"https:\\\/\\\/forestlawn.com\\\/es\\\/?s={search_term_string}\"},\"query-input\":{\"@type\":\"PropertyValueSpecification\",\"valueRequired\":true,\"valueName\":\"search_term_string\"}}],\"inLanguage\":\"es\"}]}<\/script>\n<!-- \/ Yoast SEO Premium plugin. -->","yoast_head_json":{"title":"Localidades - Forest Lawn","robots":{"index":"index","follow":"follow","max-snippet":"max-snippet:-1","max-image-preview":"max-image-preview:large","max-video-preview":"max-video-preview:-1"},"canonical":"https:\/\/forestlawn.com\/es\/localidades\/","og_locale":"es_ES","og_type":"article","og_title":"Localidades","og_description":"Ya sea que usted est\u00e9 conmemorando la vida de un ser querido, asistiendo a una celebraci\u00f3n, o apreciando nuestra colecci\u00f3n de arte y arquitectura, estamos [&hellip;]","og_url":"https:\/\/forestlawn.com\/es\/localidades\/","og_site_name":"Forest Lawn","article_modified_time":"2025-10-09T00:22:17+00:00","twitter_card":"summary_large_image","schema":{"@context":"https:\/\/schema.org","@graph":[{"@type":"WebPage","@id":"https:\/\/forestlawn.com\/es\/localidades\/","url":"https:\/\/forestlawn.com\/es\/localidades\/","name":"Localidades - Forest Lawn","isPartOf":{"@id":"https:\/\/forestlawn.com\/es\/#website"},"datePublished":"2018-02-06T10:21:55+00:00","dateModified":"2025-10-09T00:22:17+00:00","breadcrumb":{"@id":"https:\/\/forestlawn.com\/es\/localidades\/#breadcrumb"},"inLanguage":"es","potentialAction":[{"@type":"ReadAction","target":["https:\/\/forestlawn.com\/es\/localidades\/"]}]},{"@type":"BreadcrumbList","@id":"https:\/\/forestlawn.com\/es\/localidades\/#breadcrumb","itemListElement":[{"@type":"ListItem","position":1,"name":"Home","item":"https:\/\/forestlawn.com\/es\/"},{"@type":"ListItem","position":2,"name":"Localidades"}]},{"@type":"WebSite","@id":"https:\/\/forestlawn.com\/es\/#website","url":"https:\/\/forestlawn.com\/es\/","name":"Forest Lawn","description":"Forest Lawn","potentialAction":[{"@type":"SearchAction","target":{"@type":"EntryPoint","urlTemplate":"https:\/\/forestlawn.com\/es\/?s={search_term_string}"},"query-input":{"@type":"PropertyValueSpecification","valueRequired":true,"valueName":"search_term_string"}}],"inLanguage":"es"}]}},"_links":{"self":[{"href":"https:\/\/forestlawn.com\/es\/wp-json\/wp\/v2\/pages\/1331","targetHints":{"allow":["GET"]}}],"collection":[{"href":"https:\/\/forestlawn.com\/es\/wp-json\/wp\/v2\/pages"}],"about":[{"href":"https:\/\/forestlawn.com\/es\/wp-json\/wp\/v2\/types\/page"}],"author":[{"embeddable":true,"href":"https:\/\/forestlawn.com\/es\/wp-json\/wp\/v2\/users\/15"}],"replies":[{"embeddable":true,"href":"https:\/\/forestlawn.com\/es\/wp-json\/wp\/v2\/comments?post=1331"}],"version-history":[{"count":0,"href":"https:\/\/forestlawn.com\/es\/wp-json\/wp\/v2\/pages\/1331\/revisions"}],"wp:attachment":[{"href":"https:\/\/forestlawn.com\/es\/wp-json\/wp\/v2\/media?parent=1331"}],"curies":[{"name":"wp","href":"https:\/\/api.w.org\/{rel}","templated":true}]}}