{"id":1350,"date":"2018-02-09T21:53:12","date_gmt":"2018-02-10T05:53:12","guid":{"rendered":"https:\/\/forestlawn.com\/making-arrangements\/burial\/"},"modified":"2025-05-12T14:46:18","modified_gmt":"2025-05-12T21:46:18","slug":"entierro","status":"publish","type":"page","link":"https:\/\/forestlawn.com\/es\/haciendo-arreglos\/entierro\/","title":{"rendered":"Entierro"},"content":{"rendered":"<p>El entierro tradicional ofrece a las familias el consuelo de saber, que su ser querido se encuentra en un lugar bien protegido y mantenido; y al alcance de una visita. Algunos eligen invertir un espacio familiar para que todos est\u00e9n juntos para siempre. Forest Lawn tiene seis cementerios a trav\u00e9s del sur de California, y cada uno tiene su propia caracter\u00edstica distintiva.<\/p>\n","protected":false},"excerpt":{"rendered":"<p>El entierro tradicional ofrece a las familias el consuelo de saber, que su ser querido se encuentra en un lugar bien protegido y mantenido; y [&hellip;]<\/p>\n","protected":false},"author":15,"featured_media":0,"parent":1227,"menu_order":414,"comment_status":"closed","ping_status":"closed","template":"template-arrangements.php","meta":{"_acf_changed":false,"inline_featured_image":false,"footnotes":""},"class_list":["post-1350","page","type-page","status-publish","hentry"],"acf":[],"yoast_head":"<!-- This site is optimized with the Yoast SEO Premium plugin v27.2 (Yoast SEO v27.2) - https:\/\/yoast.com\/product\/yoast-seo-premium-wordpress\/ -->\n<title>Entierro - Forest Lawn<\/title>\n<meta name=\"robots\" content=\"index, follow, max-snippet:-1, max-image-preview:large, max-video-preview:-1\" \/>\n<link rel=\"canonical\" href=\"https:\/\/forestlawn.com\/es\/haciendo-arreglos\/entierro\/\" \/>\n<meta property=\"og:locale\" content=\"es_ES\" \/>\n<meta property=\"og:type\" content=\"article\" \/>\n<meta property=\"og:title\" content=\"Entierro\" \/>\n<meta property=\"og:description\" content=\"El entierro tradicional ofrece a las familias el consuelo de saber, que su ser querido se encuentra en un lugar bien protegido y mantenido; y [&hellip;]\" \/>\n<meta property=\"og:url\" content=\"https:\/\/forestlawn.com\/es\/haciendo-arreglos\/entierro\/\" \/>\n<meta property=\"og:site_name\" content=\"Forest Lawn\" \/>\n<meta property=\"article:modified_time\" content=\"2025-05-12T21:46:18+00:00\" \/>\n<meta name=\"twitter:card\" content=\"summary_large_image\" \/>\n<script type=\"application\/ld+json\" class=\"yoast-schema-graph\">{\"@context\":\"https:\/\/schema.org\",\"@graph\":[{\"@type\":\"WebPage\",\"@id\":\"https:\/\/forestlawn.com\/es\/haciendo-arreglos\/entierro\/\",\"url\":\"https:\/\/forestlawn.com\/es\/haciendo-arreglos\/entierro\/\",\"name\":\"Entierro - Forest Lawn\",\"isPartOf\":{\"@id\":\"https:\/\/forestlawn.com\/es\/#website\"},\"datePublished\":\"2018-02-10T05:53:12+00:00\",\"dateModified\":\"2025-05-12T21:46:18+00:00\",\"breadcrumb\":{\"@id\":\"https:\/\/forestlawn.com\/es\/haciendo-arreglos\/entierro\/#breadcrumb\"},\"inLanguage\":\"es\",\"potentialAction\":[{\"@type\":\"ReadAction\",\"target\":[\"https:\/\/forestlawn.com\/es\/haciendo-arreglos\/entierro\/\"]}]},{\"@type\":\"BreadcrumbList\",\"@id\":\"https:\/\/forestlawn.com\/es\/haciendo-arreglos\/entierro\/#breadcrumb\",\"itemListElement\":[{\"@type\":\"ListItem\",\"position\":1,\"name\":\"Home\",\"item\":\"https:\/\/forestlawn.com\/es\/\"},{\"@type\":\"ListItem\",\"position\":2,\"name\":\"Haciendo Arreglos\",\"item\":\"https:\/\/forestlawn.com\/es\/haciendo-arreglos\/\"},{\"@type\":\"ListItem\",\"position\":3,\"name\":\"Entierro\"}]},{\"@type\":\"WebSite\",\"@id\":\"https:\/\/forestlawn.com\/es\/#website\",\"url\":\"https:\/\/forestlawn.com\/es\/\",\"name\":\"Forest Lawn\",\"description\":\"Forest Lawn\",\"potentialAction\":[{\"@type\":\"SearchAction\",\"target\":{\"@type\":\"EntryPoint\",\"urlTemplate\":\"https:\/\/forestlawn.com\/es\/?s={search_term_string}\"},\"query-input\":{\"@type\":\"PropertyValueSpecification\",\"valueRequired\":true,\"valueName\":\"search_term_string\"}}],\"inLanguage\":\"es\"}]}<\/script>\n<!-- \/ Yoast SEO Premium plugin. -->","yoast_head_json":{"title":"Entierro - Forest Lawn","robots":{"index":"index","follow":"follow","max-snippet":"max-snippet:-1","max-image-preview":"max-image-preview:large","max-video-preview":"max-video-preview:-1"},"canonical":"https:\/\/forestlawn.com\/es\/haciendo-arreglos\/entierro\/","og_locale":"es_ES","og_type":"article","og_title":"Entierro","og_description":"El entierro tradicional ofrece a las familias el consuelo de saber, que su ser querido se encuentra en un lugar bien protegido y mantenido; y [&hellip;]","og_url":"https:\/\/forestlawn.com\/es\/haciendo-arreglos\/entierro\/","og_site_name":"Forest Lawn","article_modified_time":"2025-05-12T21:46:18+00:00","twitter_card":"summary_large_image","schema":{"@context":"https:\/\/schema.org","@graph":[{"@type":"WebPage","@id":"https:\/\/forestlawn.com\/es\/haciendo-arreglos\/entierro\/","url":"https:\/\/forestlawn.com\/es\/haciendo-arreglos\/entierro\/","name":"Entierro - Forest Lawn","isPartOf":{"@id":"https:\/\/forestlawn.com\/es\/#website"},"datePublished":"2018-02-10T05:53:12+00:00","dateModified":"2025-05-12T21:46:18+00:00","breadcrumb":{"@id":"https:\/\/forestlawn.com\/es\/haciendo-arreglos\/entierro\/#breadcrumb"},"inLanguage":"es","potentialAction":[{"@type":"ReadAction","target":["https:\/\/forestlawn.com\/es\/haciendo-arreglos\/entierro\/"]}]},{"@type":"BreadcrumbList","@id":"https:\/\/forestlawn.com\/es\/haciendo-arreglos\/entierro\/#breadcrumb","itemListElement":[{"@type":"ListItem","position":1,"name":"Home","item":"https:\/\/forestlawn.com\/es\/"},{"@type":"ListItem","position":2,"name":"Haciendo Arreglos","item":"https:\/\/forestlawn.com\/es\/haciendo-arreglos\/"},{"@type":"ListItem","position":3,"name":"Entierro"}]},{"@type":"WebSite","@id":"https:\/\/forestlawn.com\/es\/#website","url":"https:\/\/forestlawn.com\/es\/","name":"Forest Lawn","description":"Forest Lawn","potentialAction":[{"@type":"SearchAction","target":{"@type":"EntryPoint","urlTemplate":"https:\/\/forestlawn.com\/es\/?s={search_term_string}"},"query-input":{"@type":"PropertyValueSpecification","valueRequired":true,"valueName":"search_term_string"}}],"inLanguage":"es"}]}},"_links":{"self":[{"href":"https:\/\/forestlawn.com\/es\/wp-json\/wp\/v2\/pages\/1350","targetHints":{"allow":["GET"]}}],"collection":[{"href":"https:\/\/forestlawn.com\/es\/wp-json\/wp\/v2\/pages"}],"about":[{"href":"https:\/\/forestlawn.com\/es\/wp-json\/wp\/v2\/types\/page"}],"author":[{"embeddable":true,"href":"https:\/\/forestlawn.com\/es\/wp-json\/wp\/v2\/users\/15"}],"replies":[{"embeddable":true,"href":"https:\/\/forestlawn.com\/es\/wp-json\/wp\/v2\/comments?post=1350"}],"version-history":[{"count":0,"href":"https:\/\/forestlawn.com\/es\/wp-json\/wp\/v2\/pages\/1350\/revisions"}],"up":[{"embeddable":true,"href":"https:\/\/forestlawn.com\/es\/wp-json\/wp\/v2\/pages\/1227"}],"wp:attachment":[{"href":"https:\/\/forestlawn.com\/es\/wp-json\/wp\/v2\/media?parent=1350"}],"curies":[{"name":"wp","href":"https:\/\/api.w.org\/{rel}","templated":true}]}}