{"id":1373,"date":"2018-02-09T22:00:05","date_gmt":"2018-02-10T06:00:05","guid":{"rendered":"https:\/\/forestlawn.com\/about-us\/visitors-guide\/"},"modified":"2026-01-15T14:28:02","modified_gmt":"2026-01-15T22:28:02","slug":"guia-para-visitantes","status":"publish","type":"page","link":"https:\/\/forestlawn.com\/es\/nosotros\/guia-para-visitantes\/","title":{"rendered":"Gu\u00eda Para Visitantes"},"content":{"rendered":"<p>Estas gu\u00edas nos ayudan a asegurar que todos nuestros visitantes se sientan seguros y bienvenidos en los parques conmemorativos de Forest Lawn. Consulte nuestra aplicaci\u00f3n m\u00f3vil para obtener informaci\u00f3n adicional y caracter\u00edsticas, como la navegaci\u00f3n giro a giro de 360 grados y los tours de audio informativos que usted puede escuchar a medida que explora nuestro arte m\u00e1s ic\u00f3nico y lugares de inter\u00e9s.<\/p>\n<p>Descargarlo en <a href=\"https:\/\/play.google.com\/store\/apps\/details?id=com.webcemeteries.forestlawn\">Google Play<\/a> o en la <a href=\"https:\/\/itunes.apple.com\/us\/app\/forest-lawn-visitors-guide\/id966060974?mt=8\">App Store<\/a><\/p>\n","protected":false},"excerpt":{"rendered":"<p>Estas gu\u00edas nos ayudan a asegurar que todos nuestros visitantes se sientan seguros y bienvenidos en los parques conmemorativos de Forest Lawn. Consulte nuestra aplicaci\u00f3n [&hellip;]<\/p>\n","protected":false},"author":15,"featured_media":0,"parent":1363,"menu_order":379,"comment_status":"closed","ping_status":"closed","template":"modules-page.php","meta":{"_acf_changed":false,"inline_featured_image":false,"footnotes":""},"class_list":["post-1373","page","type-page","status-publish","hentry"],"acf":[],"yoast_head":"<!-- This site is optimized with the Yoast SEO Premium plugin v27.2 (Yoast SEO v27.2) - https:\/\/yoast.com\/product\/yoast-seo-premium-wordpress\/ -->\n<title>Gu\u00eda Para Visitantes - Forest Lawn<\/title>\n<meta name=\"robots\" content=\"index, follow, max-snippet:-1, max-image-preview:large, max-video-preview:-1\" \/>\n<link rel=\"canonical\" href=\"https:\/\/forestlawn.com\/es\/nosotros\/guia-para-visitantes\/\" \/>\n<meta property=\"og:locale\" content=\"es_ES\" \/>\n<meta property=\"og:type\" content=\"article\" \/>\n<meta property=\"og:title\" content=\"Gu\u00eda Para Visitantes\" \/>\n<meta property=\"og:description\" content=\"Estas gu\u00edas nos ayudan a asegurar que todos nuestros visitantes se sientan seguros y bienvenidos en los parques conmemorativos de Forest Lawn. Consulte nuestra aplicaci\u00f3n [&hellip;]\" \/>\n<meta property=\"og:url\" content=\"https:\/\/forestlawn.com\/es\/nosotros\/guia-para-visitantes\/\" \/>\n<meta property=\"og:site_name\" content=\"Forest Lawn\" \/>\n<meta property=\"article:modified_time\" content=\"2026-01-15T22:28:02+00:00\" \/>\n<meta name=\"twitter:card\" content=\"summary_large_image\" \/>\n<script type=\"application\/ld+json\" class=\"yoast-schema-graph\">{\"@context\":\"https:\/\/schema.org\",\"@graph\":[{\"@type\":\"WebPage\",\"@id\":\"https:\/\/forestlawn.com\/es\/nosotros\/guia-para-visitantes\/\",\"url\":\"https:\/\/forestlawn.com\/es\/nosotros\/guia-para-visitantes\/\",\"name\":\"Gu\u00eda Para Visitantes - Forest Lawn\",\"isPartOf\":{\"@id\":\"https:\/\/forestlawn.com\/es\/#website\"},\"datePublished\":\"2018-02-10T06:00:05+00:00\",\"dateModified\":\"2026-01-15T22:28:02+00:00\",\"breadcrumb\":{\"@id\":\"https:\/\/forestlawn.com\/es\/nosotros\/guia-para-visitantes\/#breadcrumb\"},\"inLanguage\":\"es\",\"potentialAction\":[{\"@type\":\"ReadAction\",\"target\":[\"https:\/\/forestlawn.com\/es\/nosotros\/guia-para-visitantes\/\"]}]},{\"@type\":\"BreadcrumbList\",\"@id\":\"https:\/\/forestlawn.com\/es\/nosotros\/guia-para-visitantes\/#breadcrumb\",\"itemListElement\":[{\"@type\":\"ListItem\",\"position\":1,\"name\":\"Home\",\"item\":\"https:\/\/forestlawn.com\/es\/\"},{\"@type\":\"ListItem\",\"position\":2,\"name\":\"Nosotros\",\"item\":\"https:\/\/forestlawn.com\/es\/nosotros\/\"},{\"@type\":\"ListItem\",\"position\":3,\"name\":\"Gu\u00eda Para Visitantes\"}]},{\"@type\":\"WebSite\",\"@id\":\"https:\/\/forestlawn.com\/es\/#website\",\"url\":\"https:\/\/forestlawn.com\/es\/\",\"name\":\"Forest Lawn\",\"description\":\"Forest Lawn\",\"potentialAction\":[{\"@type\":\"SearchAction\",\"target\":{\"@type\":\"EntryPoint\",\"urlTemplate\":\"https:\/\/forestlawn.com\/es\/?s={search_term_string}\"},\"query-input\":{\"@type\":\"PropertyValueSpecification\",\"valueRequired\":true,\"valueName\":\"search_term_string\"}}],\"inLanguage\":\"es\"}]}<\/script>\n<!-- \/ Yoast SEO Premium plugin. -->","yoast_head_json":{"title":"Gu\u00eda Para Visitantes - Forest Lawn","robots":{"index":"index","follow":"follow","max-snippet":"max-snippet:-1","max-image-preview":"max-image-preview:large","max-video-preview":"max-video-preview:-1"},"canonical":"https:\/\/forestlawn.com\/es\/nosotros\/guia-para-visitantes\/","og_locale":"es_ES","og_type":"article","og_title":"Gu\u00eda Para Visitantes","og_description":"Estas gu\u00edas nos ayudan a asegurar que todos nuestros visitantes se sientan seguros y bienvenidos en los parques conmemorativos de Forest Lawn. Consulte nuestra aplicaci\u00f3n [&hellip;]","og_url":"https:\/\/forestlawn.com\/es\/nosotros\/guia-para-visitantes\/","og_site_name":"Forest Lawn","article_modified_time":"2026-01-15T22:28:02+00:00","twitter_card":"summary_large_image","schema":{"@context":"https:\/\/schema.org","@graph":[{"@type":"WebPage","@id":"https:\/\/forestlawn.com\/es\/nosotros\/guia-para-visitantes\/","url":"https:\/\/forestlawn.com\/es\/nosotros\/guia-para-visitantes\/","name":"Gu\u00eda Para Visitantes - Forest Lawn","isPartOf":{"@id":"https:\/\/forestlawn.com\/es\/#website"},"datePublished":"2018-02-10T06:00:05+00:00","dateModified":"2026-01-15T22:28:02+00:00","breadcrumb":{"@id":"https:\/\/forestlawn.com\/es\/nosotros\/guia-para-visitantes\/#breadcrumb"},"inLanguage":"es","potentialAction":[{"@type":"ReadAction","target":["https:\/\/forestlawn.com\/es\/nosotros\/guia-para-visitantes\/"]}]},{"@type":"BreadcrumbList","@id":"https:\/\/forestlawn.com\/es\/nosotros\/guia-para-visitantes\/#breadcrumb","itemListElement":[{"@type":"ListItem","position":1,"name":"Home","item":"https:\/\/forestlawn.com\/es\/"},{"@type":"ListItem","position":2,"name":"Nosotros","item":"https:\/\/forestlawn.com\/es\/nosotros\/"},{"@type":"ListItem","position":3,"name":"Gu\u00eda Para Visitantes"}]},{"@type":"WebSite","@id":"https:\/\/forestlawn.com\/es\/#website","url":"https:\/\/forestlawn.com\/es\/","name":"Forest Lawn","description":"Forest Lawn","potentialAction":[{"@type":"SearchAction","target":{"@type":"EntryPoint","urlTemplate":"https:\/\/forestlawn.com\/es\/?s={search_term_string}"},"query-input":{"@type":"PropertyValueSpecification","valueRequired":true,"valueName":"search_term_string"}}],"inLanguage":"es"}]}},"_links":{"self":[{"href":"https:\/\/forestlawn.com\/es\/wp-json\/wp\/v2\/pages\/1373","targetHints":{"allow":["GET"]}}],"collection":[{"href":"https:\/\/forestlawn.com\/es\/wp-json\/wp\/v2\/pages"}],"about":[{"href":"https:\/\/forestlawn.com\/es\/wp-json\/wp\/v2\/types\/page"}],"author":[{"embeddable":true,"href":"https:\/\/forestlawn.com\/es\/wp-json\/wp\/v2\/users\/15"}],"replies":[{"embeddable":true,"href":"https:\/\/forestlawn.com\/es\/wp-json\/wp\/v2\/comments?post=1373"}],"version-history":[{"count":0,"href":"https:\/\/forestlawn.com\/es\/wp-json\/wp\/v2\/pages\/1373\/revisions"}],"up":[{"embeddable":true,"href":"https:\/\/forestlawn.com\/es\/wp-json\/wp\/v2\/pages\/1363"}],"wp:attachment":[{"href":"https:\/\/forestlawn.com\/es\/wp-json\/wp\/v2\/media?parent=1373"}],"curies":[{"name":"wp","href":"https:\/\/api.w.org\/{rel}","templated":true}]}}