{"id":1376,"date":"2018-02-17T00:48:26","date_gmt":"2018-02-17T08:48:26","guid":{"rendered":"https:\/\/forestlawn.com\/exhibits-and-events\/exhibits\/"},"modified":"2025-05-12T08:18:24","modified_gmt":"2025-05-12T15:18:24","slug":"exposiciones","status":"publish","type":"page","link":"https:\/\/forestlawn.com\/es\/eventos-y-exposiciones\/exposiciones\/","title":{"rendered":"Exhibiciones ~ Cerradas Temporalmente"},"content":{"rendered":"<h3><strong>EL MUSEO DE FOREST LAWN, EL SAL\u00d3N DE LA CRUCIFIXI\u00d3N Y RESURRECCI\u00d3N, EL GRAN MAUSOLEO, Y EL SAL\u00d3N DE LA LIBERTAD PERMANECERAN CERRADOS HASTA NUEVO AVISO<\/strong><\/h3>\n<p>Con el prop\u00f3sito de evitar la Propagaci\u00f3n del Coronavirus (COVID-19) y siguiendo las recomendaciones del gobierno Federal, Estatal y Agencias Locales, El Museo de Forest Lawn, el Gran Mausoleo y el Sal\u00f3n de la Crucifixi\u00f3n y Resurrecci\u00f3n en nuestra localidad de Glendale y el Sal\u00f3n de la Libertad en nuestra localidad de Hollywood Hills permanecer\u00e1n cerrados hasta nuevo aviso.<\/p>\n<p>Nos sentimos orgullosos de nuestra Colecci\u00f3n de Arte y de nuestros eventos comunitarios gratuitos; y esperamos poder compartirlos con ustedes una vez m\u00e1s en el futuro cercano.<\/p>\n<p>Por favor, esperen por m\u00e1s detalles en las pr\u00f3ximas semanas y meses.<\/p>\n","protected":false},"excerpt":{"rendered":"<p>EL MUSEO DE FOREST LAWN, EL SAL\u00d3N DE LA CRUCIFIXI\u00d3N Y RESURRECCI\u00d3N, EL GRAN MAUSOLEO, Y EL SAL\u00d3N DE LA LIBERTAD PERMANECERAN CERRADOS HASTA NUEVO [&hellip;]<\/p>\n","protected":false},"author":15,"featured_media":0,"parent":1374,"menu_order":373,"comment_status":"closed","ping_status":"closed","template":"template-modular-sections.php","meta":{"_acf_changed":false,"inline_featured_image":false,"footnotes":""},"class_list":["post-1376","page","type-page","status-publish","hentry"],"acf":[],"yoast_head":"<!-- This site is optimized with the Yoast SEO Premium plugin v27.3 (Yoast SEO v27.3) - https:\/\/yoast.com\/product\/yoast-seo-premium-wordpress\/ -->\n<title>Exhibiciones ~ Cerradas Temporalmente - Forest Lawn<\/title>\n<meta name=\"robots\" content=\"index, follow, max-snippet:-1, max-image-preview:large, max-video-preview:-1\" \/>\n<link rel=\"canonical\" href=\"https:\/\/forestlawn.com\/es\/eventos-y-exposiciones\/exposiciones\/\" \/>\n<meta property=\"og:locale\" content=\"es_ES\" \/>\n<meta property=\"og:type\" content=\"article\" \/>\n<meta property=\"og:title\" content=\"Exhibiciones ~ Cerradas Temporalmente\" \/>\n<meta property=\"og:description\" content=\"EL MUSEO DE FOREST LAWN, EL SAL\u00d3N DE LA CRUCIFIXI\u00d3N Y RESURRECCI\u00d3N, EL GRAN MAUSOLEO, Y EL SAL\u00d3N DE LA LIBERTAD PERMANECERAN CERRADOS HASTA NUEVO [&hellip;]\" \/>\n<meta property=\"og:url\" content=\"https:\/\/forestlawn.com\/es\/eventos-y-exposiciones\/exposiciones\/\" \/>\n<meta property=\"og:site_name\" content=\"Forest Lawn\" \/>\n<meta property=\"article:modified_time\" content=\"2025-05-12T15:18:24+00:00\" \/>\n<meta name=\"twitter:card\" content=\"summary_large_image\" \/>\n<script type=\"application\/ld+json\" class=\"yoast-schema-graph\">{\"@context\":\"https:\\\/\\\/schema.org\",\"@graph\":[{\"@type\":\"WebPage\",\"@id\":\"https:\\\/\\\/forestlawn.com\\\/es\\\/eventos-y-exposiciones\\\/exposiciones\\\/\",\"url\":\"https:\\\/\\\/forestlawn.com\\\/es\\\/eventos-y-exposiciones\\\/exposiciones\\\/\",\"name\":\"Exhibiciones ~ Cerradas Temporalmente - Forest Lawn\",\"isPartOf\":{\"@id\":\"https:\\\/\\\/forestlawn.com\\\/es\\\/#website\"},\"datePublished\":\"2018-02-17T08:48:26+00:00\",\"dateModified\":\"2025-05-12T15:18:24+00:00\",\"breadcrumb\":{\"@id\":\"https:\\\/\\\/forestlawn.com\\\/es\\\/eventos-y-exposiciones\\\/exposiciones\\\/#breadcrumb\"},\"inLanguage\":\"es\",\"potentialAction\":[{\"@type\":\"ReadAction\",\"target\":[\"https:\\\/\\\/forestlawn.com\\\/es\\\/eventos-y-exposiciones\\\/exposiciones\\\/\"]}]},{\"@type\":\"BreadcrumbList\",\"@id\":\"https:\\\/\\\/forestlawn.com\\\/es\\\/eventos-y-exposiciones\\\/exposiciones\\\/#breadcrumb\",\"itemListElement\":[{\"@type\":\"ListItem\",\"position\":1,\"name\":\"Home\",\"item\":\"https:\\\/\\\/forestlawn.com\\\/es\\\/\"},{\"@type\":\"ListItem\",\"position\":2,\"name\":\"Eventos y Exposiciones\",\"item\":\"https:\\\/\\\/forestlawn.com\\\/es\\\/eventos-y-exposiciones\\\/\"},{\"@type\":\"ListItem\",\"position\":3,\"name\":\"Exhibiciones ~ Cerradas Temporalmente\"}]},{\"@type\":\"WebSite\",\"@id\":\"https:\\\/\\\/forestlawn.com\\\/es\\\/#website\",\"url\":\"https:\\\/\\\/forestlawn.com\\\/es\\\/\",\"name\":\"Forest Lawn\",\"description\":\"Forest Lawn\",\"potentialAction\":[{\"@type\":\"SearchAction\",\"target\":{\"@type\":\"EntryPoint\",\"urlTemplate\":\"https:\\\/\\\/forestlawn.com\\\/es\\\/?s={search_term_string}\"},\"query-input\":{\"@type\":\"PropertyValueSpecification\",\"valueRequired\":true,\"valueName\":\"search_term_string\"}}],\"inLanguage\":\"es\"}]}<\/script>\n<!-- \/ Yoast SEO Premium plugin. -->","yoast_head_json":{"title":"Exhibiciones ~ Cerradas Temporalmente - Forest Lawn","robots":{"index":"index","follow":"follow","max-snippet":"max-snippet:-1","max-image-preview":"max-image-preview:large","max-video-preview":"max-video-preview:-1"},"canonical":"https:\/\/forestlawn.com\/es\/eventos-y-exposiciones\/exposiciones\/","og_locale":"es_ES","og_type":"article","og_title":"Exhibiciones ~ Cerradas Temporalmente","og_description":"EL MUSEO DE FOREST LAWN, EL SAL\u00d3N DE LA CRUCIFIXI\u00d3N Y RESURRECCI\u00d3N, EL GRAN MAUSOLEO, Y EL SAL\u00d3N DE LA LIBERTAD PERMANECERAN CERRADOS HASTA NUEVO [&hellip;]","og_url":"https:\/\/forestlawn.com\/es\/eventos-y-exposiciones\/exposiciones\/","og_site_name":"Forest Lawn","article_modified_time":"2025-05-12T15:18:24+00:00","twitter_card":"summary_large_image","schema":{"@context":"https:\/\/schema.org","@graph":[{"@type":"WebPage","@id":"https:\/\/forestlawn.com\/es\/eventos-y-exposiciones\/exposiciones\/","url":"https:\/\/forestlawn.com\/es\/eventos-y-exposiciones\/exposiciones\/","name":"Exhibiciones ~ Cerradas Temporalmente - Forest Lawn","isPartOf":{"@id":"https:\/\/forestlawn.com\/es\/#website"},"datePublished":"2018-02-17T08:48:26+00:00","dateModified":"2025-05-12T15:18:24+00:00","breadcrumb":{"@id":"https:\/\/forestlawn.com\/es\/eventos-y-exposiciones\/exposiciones\/#breadcrumb"},"inLanguage":"es","potentialAction":[{"@type":"ReadAction","target":["https:\/\/forestlawn.com\/es\/eventos-y-exposiciones\/exposiciones\/"]}]},{"@type":"BreadcrumbList","@id":"https:\/\/forestlawn.com\/es\/eventos-y-exposiciones\/exposiciones\/#breadcrumb","itemListElement":[{"@type":"ListItem","position":1,"name":"Home","item":"https:\/\/forestlawn.com\/es\/"},{"@type":"ListItem","position":2,"name":"Eventos y Exposiciones","item":"https:\/\/forestlawn.com\/es\/eventos-y-exposiciones\/"},{"@type":"ListItem","position":3,"name":"Exhibiciones ~ Cerradas Temporalmente"}]},{"@type":"WebSite","@id":"https:\/\/forestlawn.com\/es\/#website","url":"https:\/\/forestlawn.com\/es\/","name":"Forest Lawn","description":"Forest Lawn","potentialAction":[{"@type":"SearchAction","target":{"@type":"EntryPoint","urlTemplate":"https:\/\/forestlawn.com\/es\/?s={search_term_string}"},"query-input":{"@type":"PropertyValueSpecification","valueRequired":true,"valueName":"search_term_string"}}],"inLanguage":"es"}]}},"_links":{"self":[{"href":"https:\/\/forestlawn.com\/es\/wp-json\/wp\/v2\/pages\/1376","targetHints":{"allow":["GET"]}}],"collection":[{"href":"https:\/\/forestlawn.com\/es\/wp-json\/wp\/v2\/pages"}],"about":[{"href":"https:\/\/forestlawn.com\/es\/wp-json\/wp\/v2\/types\/page"}],"author":[{"embeddable":true,"href":"https:\/\/forestlawn.com\/es\/wp-json\/wp\/v2\/users\/15"}],"replies":[{"embeddable":true,"href":"https:\/\/forestlawn.com\/es\/wp-json\/wp\/v2\/comments?post=1376"}],"version-history":[{"count":0,"href":"https:\/\/forestlawn.com\/es\/wp-json\/wp\/v2\/pages\/1376\/revisions"}],"up":[{"embeddable":true,"href":"https:\/\/forestlawn.com\/es\/wp-json\/wp\/v2\/pages\/1374"}],"wp:attachment":[{"href":"https:\/\/forestlawn.com\/es\/wp-json\/wp\/v2\/media?parent=1376"}],"curies":[{"name":"wp","href":"https:\/\/api.w.org\/{rel}","templated":true}]}}