{"id":1377,"date":"2018-03-09T19:57:49","date_gmt":"2018-03-09T19:57:49","guid":{"rendered":"https:\/\/forestlawn.com\/terms-conditions\/"},"modified":"2018-04-09T15:35:29","modified_gmt":"2018-04-09T15:35:29","slug":"terminos-y-condiciones","status":"publish","type":"page","link":"https:\/\/forestlawn.com\/es\/terminos-y-condiciones\/","title":{"rendered":"T\u00e9rminos y Condiciones"},"content":{"rendered":"<p><strong>1. T\u00e9rminos de Uso<\/strong><\/p>\n<p>Este sitio web es mantenido y siempre en beneficio de sus visitantes por el Forest Lawn Memorial Association-Park (\u00abForest Lawn\u00bb). Al acceder o utilizar este sitio web, usted acepta que quedar\u00e1 vinculado por estas condiciones de uso (\u00abT\u00e9rminos de Uso\u00bb). <strong>Estos T\u00e9rminos de uso y la pol\u00edtica de privacidad de acompa\u00f1amiento afectan a sus derechos y obligaciones legales. Si usted no acepta que quedar\u00e1 vinculado por estos documentos, por favor no acceder o utilizar el Servicio.<\/strong><\/p>\n<p><strong>2. <\/strong> <strong>Condiciones<\/strong><strong>\u00a0b\u00e1sicas<\/strong><\/p>\n<ol>\n<li>Usted declara que toda la informaci\u00f3n que usted proporcione o haya proporcionado a Forest Lawn es verdadera, precisa, actualizada y completa y se compromete a actualizar su informaci\u00f3n si es necesario para mantener su veracidad y exactitud.<\/li>\n<li>El usuario no puede acceder o utilizar este sitio para cualquier prop\u00f3sito ilegal o no autorizado. Usted se compromete a cumplir con todas las leyes, normas y regulaciones (federales, estatales, y locales) aplicables al uso del sitio.<\/li>\n<li>Usted no debe interferir o interrumpir este sitio web o los servidores o redes conectadas a este sitio, incluyendo la transmisi\u00f3n de cualquier gusanos, virus, spyware, malware o cualquier otro c\u00f3digo de naturaleza destructiva o perjudicial. Usted no puede alterar o interferir con la manera cualquier contenido se hace o se muestra en el navegador o dispositivo de un usuario.<\/li>\n<li>La violaci\u00f3n de estas Condiciones de Uso puede, a nuestra entera discreci\u00f3n, resultar en la terminaci\u00f3n de su acceso continuo a este sitio web.<\/li>\n<\/ol>\n<p><strong>\u00a03. Condiciones Generales<\/strong><\/p>\n<ol>\n<li>Nos reservamos el derecho, a nuestra sola discreci\u00f3n, de cambiar estas condiciones de uso de vez en cuando. A menos que hagamos un cambio por razones legales o administrativas, proporcionaremos aviso previo razonable antes de los t\u00e9rminos actualizados en vigor. Usted acepta que podemos notificarle de los t\u00e9rminos actualizados mediante su publicaci\u00f3n en la p\u00e1gina web, y que su uso del sitio despu\u00e9s de la fecha de vigencia de los t\u00e9rminos actualizados constituye la aceptaci\u00f3n de los t\u00e9rminos.<\/li>\n<li>Este sitio web puede contener enlaces a sitios web de terceros o caracter\u00edsticas. Usted entiende y reconoce y acepta que Forest Lawn no es responsable por las acciones de cualquiera de dichos terceros.<\/li>\n<\/ol>\n<p><strong>\u00a04. Derechos<\/strong><\/p>\n<ol>\n<li>Este sitio web contiene contenido de propiedad o licencia de Forest Lawn, que est\u00e1 protegida por derechos de autor, marcas, patentes, secretos comerciales y otras leyes. Usted acepta que no eliminar, alterar u ocultar cualquier derecho de autor, marca registrada, marca de servicio o de otros derechos de propiedad incorporados o que acompa\u00f1an al sitio y no reproducir, modificar, adaptar, preparar trabajos derivados basados \u200b\u200ben, ejecutar, exhibir, publicar , distribuir, transmitir, difundir, vender, licenciar o explotar el contenido.<\/li>\n<li>Al igual que con cualquier servicio en l\u00ednea, puede haber ocasiones en las que este sitio no est\u00e1 disponible debido a un mantenimiento programado o actualizaciones, reparaciones de emergencia, o la falta de enlaces y \/ o equipo de telecomunicaciones. Aunque haremos todos los esfuerzos razonables para restablecer el servicio en el momento oportuno, no seremos responsables de la modificaci\u00f3n, suspensi\u00f3n o interrupci\u00f3n del sitio.<\/li>\n<\/ol>\n<p><strong>5. \u00bfC\u00f3mo protegemos su informaci\u00f3n<\/strong><\/p>\n<ol>\n<li>Utilizamos medidas de seguridad comercialmente razonables para proteger la confidencialidad de la informaci\u00f3n que usted proporcione. S\u00f3lo permitimos el acceso a su informaci\u00f3n para fines comerciales adecuadas y conservamos su informaci\u00f3n s\u00f3lo cuando sea necesario para fines comerciales leg\u00edtimos o para cumplir con los requisitos contractuales o legales<\/li>\n<li>Cuando usted proporciona pago o tarjeta de cr\u00e9dito como parte del proceso de pago, \u00e9sta se protege mediante el cifrado apropiado. Al entrar en la informaci\u00f3n de pago, la direcci\u00f3n web en la ventana del navegador cambiar\u00e1 de http: https: lo que indica que se est\u00e1 enviando a trav\u00e9s de un enlace cifrado seguro al sitio que procesa su pago. El procesador de pagos que utilizamos est\u00e1 certificado para manejar de manera segura las transacciones con tarjeta de cr\u00e9dito a trav\u00e9s de Internet.<\/li>\n<li>Usted debe estar alerta al responder a un correo electr\u00f3nico que parece provenir de un remitente leg\u00edtimo (como Forest Lawn), pero es en realidad un intento de obtener fraudulentamente informaci\u00f3n de usted. Nunca enviaremos un correo electr\u00f3nico o cualquier otra comunicaci\u00f3n que le pedir\u00e1 que proporcionar el pago o informaci\u00f3n personal.<\/li>\n<\/ol>\n<p><strong>6. Exclusi\u00f3n de garant\u00edas y limitaci\u00f3n de responsabilidad<\/strong><\/p>\n<p>LOS SERVICIOS DE INFORMACI\u00d3N EN ESTE SITIO SE PROPORCIONAN \u00abTAL CUAL\u00bb SIN NINGUNA REPRESENTACI\u00d3N O GARANT\u00cdA DE CUALQUIER TIPO, EXPRESA O IMPL\u00cdCITA, INCLUYENDO, PERO NO LIMITADO A, LAS GARANT\u00cdAS DE CALIDAD, IDONEIDAD PARA UN PROP\u00d3SITO PARTICULAR, COMERCIALIZACI\u00d3N O NO -INFRINGEMENT DE PROPIEDAD INTELECTUAL. EN NING\u00daN CASO Forest Lawn, CUALQUIERA DE SUS SUBSIDIARIAS Y FILIALES, O CUALQUIERA DE LOS TERCEROS IDENTIFICADOS EN ESTE SITIO SER\u00c1 RESPONSABLE POR CUALQUIER P\u00c9RDIDA O DA\u00d1OS Y PERJUICIOS DE CUALQUIER TIPO, INCLUYENDO, SIN LIMITACI\u00d3N, LOS DA\u00d1OS DIRECTOS, INDIRECTOS, ECON\u00d3MICOS, EJEMPLARES, ESPECIALES , MORALES, ACCIDENTALES O P\u00c9RDIDAS O DA\u00d1OS EMERGENTES, (INCLUIDOS LOS QUE DIRECTA O INDIRECTAMENTE RESULTADO DE LA P\u00c9RDIDA DE BENEFICIOS, P\u00c9RDIDA DE DATOS O INTERRUPCI\u00d3N DE NEGOCIO) DERIVADOS DEL USO, LA INCAPACIDAD DE USAR, O COMO RESULTADO DEL USO DE ESTE SITIO, CUALQUIER SITIO WEB VINCULADO A ESTE SITIO, O LOS MATERIALES O INFORMACI\u00d3N CONTENIDOS EN CUALESQUIERA DE DICHOS SITIOS WEB, SEAN O NO ADVERTIDO DE LA POSIBILIDAD DE TALES DA\u00d1OS. LEY APLICABLE PUEDE NO PERMITIR LA EXCLUSI\u00d3N DE DA\u00d1OS DIRECTOS O INDIRECTOS Y \/ O LA EXCLUSI\u00d3N DE REPRESENTACI\u00d3N Y GARANT\u00cdAS IMPL\u00cdCITAS, POR LO QUE ALGUNAS DE LAS EXCLUSIONES ANTERIORES NO SER APLICABLE A USTED.<\/p>\n<p><strong>Ley y Lugar de Gobierno 7.<\/strong><\/p>\n<p>Estas Condiciones de Uso se regir\u00e1n e interpretar\u00e1n de acuerdo con las leyes del Estado de California, sin dar efecto a cualquier principio de conflicto de leyes. Forest Lawn se reserva el derecho de modificar esta disposici\u00f3n de resoluci\u00f3n de disputas, pero tales cambios no se aplicar\u00e1 a las controversias que surjan antes de la fecha de vigencia de la enmienda.<\/p>\n<p><strong>8. Acuerdo completo<\/strong><\/p>\n<p>Estos T\u00e9rminos de Uso constituyen el acuerdo completo entre usted y Forest Lawn y, junto con la pol\u00edtica de privacidad asociada, rige el uso del sitio web. Si alguna disposici\u00f3n de estas Condiciones de uso es considerada por un tribunal de jurisdicci\u00f3n competente como inv\u00e1lida o inaplicable, las partes acuerdan que dicha parte se considerar\u00e1 separable de estos T\u00e9rminos de Uso y no afectar\u00e1 la validez y aplicabilidad de las restantes disposiciones y las disposiciones restantes de los T\u00e9rminos de Uso permanecer\u00e1n en pleno vigor y efecto. Estos T\u00e9rminos de Uso no confieren ning\u00fan derecho beneficiarios de terceros.<\/p>\n<p><strong>9. Restricciones Territoriales<\/strong><\/p>\n<p>La informaci\u00f3n, productos o servicios prestados en este sitio web no est\u00e1 destinado para su distribuci\u00f3n o uso por cualquier persona o entidad en cualquier jurisdicci\u00f3n o pa\u00eds donde dicha distribuci\u00f3n o uso sea contrario a la ley o reglamento, o que someter\u00eda Forest Lawn a cualquier requisito de registro dentro de dicha jurisdicci\u00f3n o pa\u00eds. Nos reservamos el derecho de limitar la disponibilidad de la p\u00e1gina web a cualquier persona, \u00e1rea geogr\u00e1fica o jurisdicci\u00f3n, en cualquier momento ya nuestra entera discreci\u00f3n.<\/p>\n<p><strong>10. C\u00f3mo ponerse en contacto con nosotros<\/strong><\/p>\n<p>Si usted tiene alguna pregunta o duda sobre estas Condiciones de Uso, puede ponerse en contacto con nosotros en:<\/p>\n<p>Correo electr\u00f3nico: info@forestlawn.com<\/p>\n<p>Tel\u00e9fono: 1 (800) 445 4303<\/p>\n<p>Correo: PO Box 1151, Glendale, CA 91209 (A la atenci\u00f3n de: Marketing)<\/p>\n","protected":false},"excerpt":{"rendered":"<p>1. T\u00e9rminos de Uso Este sitio web es mantenido y siempre en beneficio de sus visitantes por el Forest Lawn Memorial Association-Park (\u00abForest Lawn\u00bb). Al [&hellip;]<\/p>\n","protected":false},"author":15,"featured_media":0,"parent":0,"menu_order":361,"comment_status":"closed","ping_status":"closed","template":"","meta":{"_acf_changed":false,"inline_featured_image":false,"footnotes":""},"class_list":["post-1377","page","type-page","status-publish","hentry"],"acf":[],"yoast_head":"<!-- This site is optimized with the Yoast SEO Premium plugin v27.5 (Yoast SEO v27.5) - https:\/\/yoast.com\/product\/yoast-seo-premium-wordpress\/ -->\n<title>T\u00e9rminos y Condiciones - Forest Lawn<\/title>\n<meta name=\"robots\" content=\"index, follow, max-snippet:-1, max-image-preview:large, max-video-preview:-1\" \/>\n<link rel=\"canonical\" href=\"https:\/\/forestlawn.com\/es\/terminos-y-condiciones\/\" \/>\n<meta property=\"og:locale\" content=\"es_ES\" \/>\n<meta property=\"og:type\" content=\"article\" \/>\n<meta property=\"og:title\" content=\"T\u00e9rminos y Condiciones\" \/>\n<meta property=\"og:description\" content=\"1. T\u00e9rminos de Uso Este sitio web es mantenido y siempre en beneficio de sus visitantes por el Forest Lawn Memorial Association-Park (\u00abForest Lawn\u00bb). Al [&hellip;]\" \/>\n<meta property=\"og:url\" content=\"https:\/\/forestlawn.com\/es\/terminos-y-condiciones\/\" \/>\n<meta property=\"og:site_name\" content=\"Forest Lawn\" \/>\n<meta property=\"article:modified_time\" content=\"2018-04-09T15:35:29+00:00\" \/>\n<meta name=\"twitter:card\" content=\"summary_large_image\" \/>\n<script type=\"application\/ld+json\" class=\"yoast-schema-graph\">{\"@context\":\"https:\\\/\\\/schema.org\",\"@graph\":[{\"@type\":\"WebPage\",\"@id\":\"https:\\\/\\\/forestlawn.com\\\/es\\\/terminos-y-condiciones\\\/\",\"url\":\"https:\\\/\\\/forestlawn.com\\\/es\\\/terminos-y-condiciones\\\/\",\"name\":\"T\u00e9rminos y Condiciones - Forest Lawn\",\"isPartOf\":{\"@id\":\"https:\\\/\\\/forestlawn.com\\\/es\\\/#website\"},\"datePublished\":\"2018-03-09T19:57:49+00:00\",\"dateModified\":\"2018-04-09T15:35:29+00:00\",\"breadcrumb\":{\"@id\":\"https:\\\/\\\/forestlawn.com\\\/es\\\/terminos-y-condiciones\\\/#breadcrumb\"},\"inLanguage\":\"es\",\"potentialAction\":[{\"@type\":\"ReadAction\",\"target\":[\"https:\\\/\\\/forestlawn.com\\\/es\\\/terminos-y-condiciones\\\/\"]}]},{\"@type\":\"BreadcrumbList\",\"@id\":\"https:\\\/\\\/forestlawn.com\\\/es\\\/terminos-y-condiciones\\\/#breadcrumb\",\"itemListElement\":[{\"@type\":\"ListItem\",\"position\":1,\"name\":\"Home\",\"item\":\"https:\\\/\\\/forestlawn.com\\\/es\\\/\"},{\"@type\":\"ListItem\",\"position\":2,\"name\":\"T\u00e9rminos y Condiciones\"}]},{\"@type\":\"WebSite\",\"@id\":\"https:\\\/\\\/forestlawn.com\\\/es\\\/#website\",\"url\":\"https:\\\/\\\/forestlawn.com\\\/es\\\/\",\"name\":\"Forest Lawn\",\"description\":\"Forest Lawn\",\"potentialAction\":[{\"@type\":\"SearchAction\",\"target\":{\"@type\":\"EntryPoint\",\"urlTemplate\":\"https:\\\/\\\/forestlawn.com\\\/es\\\/?s={search_term_string}\"},\"query-input\":{\"@type\":\"PropertyValueSpecification\",\"valueRequired\":true,\"valueName\":\"search_term_string\"}}],\"inLanguage\":\"es\"}]}<\/script>\n<!-- \/ Yoast SEO Premium plugin. -->","yoast_head_json":{"title":"T\u00e9rminos y Condiciones - Forest Lawn","robots":{"index":"index","follow":"follow","max-snippet":"max-snippet:-1","max-image-preview":"max-image-preview:large","max-video-preview":"max-video-preview:-1"},"canonical":"https:\/\/forestlawn.com\/es\/terminos-y-condiciones\/","og_locale":"es_ES","og_type":"article","og_title":"T\u00e9rminos y Condiciones","og_description":"1. T\u00e9rminos de Uso Este sitio web es mantenido y siempre en beneficio de sus visitantes por el Forest Lawn Memorial Association-Park (\u00abForest Lawn\u00bb). Al [&hellip;]","og_url":"https:\/\/forestlawn.com\/es\/terminos-y-condiciones\/","og_site_name":"Forest Lawn","article_modified_time":"2018-04-09T15:35:29+00:00","twitter_card":"summary_large_image","schema":{"@context":"https:\/\/schema.org","@graph":[{"@type":"WebPage","@id":"https:\/\/forestlawn.com\/es\/terminos-y-condiciones\/","url":"https:\/\/forestlawn.com\/es\/terminos-y-condiciones\/","name":"T\u00e9rminos y Condiciones - Forest Lawn","isPartOf":{"@id":"https:\/\/forestlawn.com\/es\/#website"},"datePublished":"2018-03-09T19:57:49+00:00","dateModified":"2018-04-09T15:35:29+00:00","breadcrumb":{"@id":"https:\/\/forestlawn.com\/es\/terminos-y-condiciones\/#breadcrumb"},"inLanguage":"es","potentialAction":[{"@type":"ReadAction","target":["https:\/\/forestlawn.com\/es\/terminos-y-condiciones\/"]}]},{"@type":"BreadcrumbList","@id":"https:\/\/forestlawn.com\/es\/terminos-y-condiciones\/#breadcrumb","itemListElement":[{"@type":"ListItem","position":1,"name":"Home","item":"https:\/\/forestlawn.com\/es\/"},{"@type":"ListItem","position":2,"name":"T\u00e9rminos y Condiciones"}]},{"@type":"WebSite","@id":"https:\/\/forestlawn.com\/es\/#website","url":"https:\/\/forestlawn.com\/es\/","name":"Forest Lawn","description":"Forest Lawn","potentialAction":[{"@type":"SearchAction","target":{"@type":"EntryPoint","urlTemplate":"https:\/\/forestlawn.com\/es\/?s={search_term_string}"},"query-input":{"@type":"PropertyValueSpecification","valueRequired":true,"valueName":"search_term_string"}}],"inLanguage":"es"}]}},"_links":{"self":[{"href":"https:\/\/forestlawn.com\/es\/wp-json\/wp\/v2\/pages\/1377","targetHints":{"allow":["GET"]}}],"collection":[{"href":"https:\/\/forestlawn.com\/es\/wp-json\/wp\/v2\/pages"}],"about":[{"href":"https:\/\/forestlawn.com\/es\/wp-json\/wp\/v2\/types\/page"}],"author":[{"embeddable":true,"href":"https:\/\/forestlawn.com\/es\/wp-json\/wp\/v2\/users\/15"}],"replies":[{"embeddable":true,"href":"https:\/\/forestlawn.com\/es\/wp-json\/wp\/v2\/comments?post=1377"}],"version-history":[{"count":0,"href":"https:\/\/forestlawn.com\/es\/wp-json\/wp\/v2\/pages\/1377\/revisions"}],"wp:attachment":[{"href":"https:\/\/forestlawn.com\/es\/wp-json\/wp\/v2\/media?parent=1377"}],"curies":[{"name":"wp","href":"https:\/\/api.w.org\/{rel}","templated":true}]}}