{"id":1853,"date":"2018-03-29T21:56:29","date_gmt":"2018-03-30T04:56:29","guid":{"rendered":"https:\/\/forestlawn.com\/grief-resources\/"},"modified":"2026-01-08T16:44:47","modified_gmt":"2026-01-09T00:44:47","slug":"grief-resources","status":"publish","type":"page","link":"https:\/\/forestlawn.com\/es\/nosotros\/grief-resources\/","title":{"rendered":"Recursos de Duelo"},"content":{"rendered":"<div id=\"divGriefResourcesHeader\">Si usted o alguien que usted conoce ha sufrido una p\u00e9rdida, Forest Lawn desea extender sus m\u00e1s profundas condolencias.<br \/>\nEsperamos ayudarle en este momento dif\u00edcil ofreci\u00e9ndole un apoyo sincero con nuestra variedad de recursos de duelo gratuitos.<\/p>\n<h2><\/h2>\n<h2>Art\u00edculos sobre el duelo<\/h2>\n<p>Nuestros art\u00edculos cubren algunos temas como: Despu\u00e9s de una P\u00e9rdida, La Muerte de un Hijo, y sobrellevando los D\u00edas Festivos.<\/p>\n<ul>\n<li><a href=\"https:\/\/forestlawn.com\/es\/grief-resources\/after-your-loss\/\">Despu\u00e9s de su P\u00e9rdida<\/a><\/li>\n<li><a href=\"https:\/\/forestlawn.com\/es\/grief-resources\/when-a-child-dies\/\">La P\u00e9rdida de un Hijo<\/a><\/li>\n<li><a href=\"https:\/\/forestlawn.com\/es\/grief-resources\/making-it-through-the-holidays\/\">Sobrellevando los D\u00edas Festivos<\/a><\/li>\n<\/ul>\n<\/div>\n<p>&nbsp;<\/p>\n<h2><\/h2>\n<h2>Seminarios \u00abComprendiendo el Duelo\u00bb<\/h2>\n<p>En nuestro seminario \u201cComprendiendo el duelo\u00bb, compartimos ense\u00f1anzas \u00fatiles para comprender y enfrentar el duelo. Estos seminarios interactivos en ambiente de grupo son gratuitos, se llevan a cabo en Marzo y Julio, y puede encontrar una lista completa de las fechas en nuestra secci\u00f3n de \u00a0<em><a href=\"https:\/\/forestlawn.com\/es\/grief-resources\/seminarios\/\"><strong><span class=\"breadcrumb_last\" aria-current=\"page\">Seminarios<\/span><\/strong><\/a>.<\/em> <strong>Para obtener m\u00e1s informaci\u00f3n o asesoramiento sobre el duelo, llame a Mateo G\u00f3mez al (323) 340-4677.<\/strong><\/p>\n<p><a href=\"https:\/\/forestlawn.com\/es\/grief-resources\/making-it-through-the-holidays\/\">Seminarios \u00abSobrellevando los D\u00edas Festivos\u00bb<\/a> se llevan a cabo en octubre y exploran c\u00f3mo se pueden celebrar los D\u00edas Festivos, mientras a\u00fan recuerda a su ser querido. Puede encontrar una lista completa de fechas haciendo clic aqu\u00ed o visitando nuestra secci\u00f3n de eventos.<\/p>\n<p>&nbsp;<\/p>\n<h2><\/h2>\n<h2>Lecturas Recomendadas<\/h2>\n<p>Revise <a href=\"https:\/\/forestlawn.com\/es\/grief-resources\/suggested-reading\/\">nuestra lista de libros recomendados<\/a> por expertos del duelo.<\/p>\n","protected":false},"excerpt":{"rendered":"<p>Si usted o alguien que usted conoce ha sufrido una p\u00e9rdida, Forest Lawn desea extender sus m\u00e1s profundas condolencias. Esperamos ayudarle en este momento dif\u00edcil [&hellip;]<\/p>\n","protected":false},"author":15,"featured_media":0,"parent":1363,"menu_order":342,"comment_status":"closed","ping_status":"closed","template":"modules-page.php","meta":{"_acf_changed":false,"inline_featured_image":false,"footnotes":""},"class_list":["post-1853","page","type-page","status-publish","hentry"],"acf":[],"yoast_head":"<!-- This site is optimized with the Yoast SEO Premium plugin v27.3 (Yoast SEO v27.3) - https:\/\/yoast.com\/product\/yoast-seo-premium-wordpress\/ -->\n<title>Recursos de Duelo - Forest Lawn<\/title>\n<meta name=\"robots\" content=\"index, follow, max-snippet:-1, max-image-preview:large, max-video-preview:-1\" \/>\n<link rel=\"canonical\" href=\"https:\/\/forestlawn.com\/es\/nosotros\/grief-resources\/\" \/>\n<meta property=\"og:locale\" content=\"es_ES\" \/>\n<meta property=\"og:type\" content=\"article\" \/>\n<meta property=\"og:title\" content=\"Recursos de Duelo\" \/>\n<meta property=\"og:description\" content=\"Si usted o alguien que usted conoce ha sufrido una p\u00e9rdida, Forest Lawn desea extender sus m\u00e1s profundas condolencias. Esperamos ayudarle en este momento dif\u00edcil [&hellip;]\" \/>\n<meta property=\"og:url\" content=\"https:\/\/forestlawn.com\/es\/nosotros\/grief-resources\/\" \/>\n<meta property=\"og:site_name\" content=\"Forest Lawn\" \/>\n<meta property=\"article:modified_time\" content=\"2026-01-09T00:44:47+00:00\" \/>\n<meta name=\"twitter:card\" content=\"summary_large_image\" \/>\n<script type=\"application\/ld+json\" class=\"yoast-schema-graph\">{\"@context\":\"https:\\\/\\\/schema.org\",\"@graph\":[{\"@type\":\"WebPage\",\"@id\":\"https:\\\/\\\/forestlawn.com\\\/es\\\/nosotros\\\/grief-resources\\\/\",\"url\":\"https:\\\/\\\/forestlawn.com\\\/es\\\/nosotros\\\/grief-resources\\\/\",\"name\":\"Recursos de Duelo - Forest Lawn\",\"isPartOf\":{\"@id\":\"https:\\\/\\\/forestlawn.com\\\/es\\\/#website\"},\"datePublished\":\"2018-03-30T04:56:29+00:00\",\"dateModified\":\"2026-01-09T00:44:47+00:00\",\"breadcrumb\":{\"@id\":\"https:\\\/\\\/forestlawn.com\\\/es\\\/nosotros\\\/grief-resources\\\/#breadcrumb\"},\"inLanguage\":\"es\",\"potentialAction\":[{\"@type\":\"ReadAction\",\"target\":[\"https:\\\/\\\/forestlawn.com\\\/es\\\/nosotros\\\/grief-resources\\\/\"]}]},{\"@type\":\"BreadcrumbList\",\"@id\":\"https:\\\/\\\/forestlawn.com\\\/es\\\/nosotros\\\/grief-resources\\\/#breadcrumb\",\"itemListElement\":[{\"@type\":\"ListItem\",\"position\":1,\"name\":\"Home\",\"item\":\"https:\\\/\\\/forestlawn.com\\\/es\\\/\"},{\"@type\":\"ListItem\",\"position\":2,\"name\":\"Nosotros\",\"item\":\"https:\\\/\\\/forestlawn.com\\\/es\\\/nosotros\\\/\"},{\"@type\":\"ListItem\",\"position\":3,\"name\":\"Recursos de Duelo\"}]},{\"@type\":\"WebSite\",\"@id\":\"https:\\\/\\\/forestlawn.com\\\/es\\\/#website\",\"url\":\"https:\\\/\\\/forestlawn.com\\\/es\\\/\",\"name\":\"Forest Lawn\",\"description\":\"Forest Lawn\",\"potentialAction\":[{\"@type\":\"SearchAction\",\"target\":{\"@type\":\"EntryPoint\",\"urlTemplate\":\"https:\\\/\\\/forestlawn.com\\\/es\\\/?s={search_term_string}\"},\"query-input\":{\"@type\":\"PropertyValueSpecification\",\"valueRequired\":true,\"valueName\":\"search_term_string\"}}],\"inLanguage\":\"es\"}]}<\/script>\n<!-- \/ Yoast SEO Premium plugin. -->","yoast_head_json":{"title":"Recursos de Duelo - Forest Lawn","robots":{"index":"index","follow":"follow","max-snippet":"max-snippet:-1","max-image-preview":"max-image-preview:large","max-video-preview":"max-video-preview:-1"},"canonical":"https:\/\/forestlawn.com\/es\/nosotros\/grief-resources\/","og_locale":"es_ES","og_type":"article","og_title":"Recursos de Duelo","og_description":"Si usted o alguien que usted conoce ha sufrido una p\u00e9rdida, Forest Lawn desea extender sus m\u00e1s profundas condolencias. Esperamos ayudarle en este momento dif\u00edcil [&hellip;]","og_url":"https:\/\/forestlawn.com\/es\/nosotros\/grief-resources\/","og_site_name":"Forest Lawn","article_modified_time":"2026-01-09T00:44:47+00:00","twitter_card":"summary_large_image","schema":{"@context":"https:\/\/schema.org","@graph":[{"@type":"WebPage","@id":"https:\/\/forestlawn.com\/es\/nosotros\/grief-resources\/","url":"https:\/\/forestlawn.com\/es\/nosotros\/grief-resources\/","name":"Recursos de Duelo - Forest Lawn","isPartOf":{"@id":"https:\/\/forestlawn.com\/es\/#website"},"datePublished":"2018-03-30T04:56:29+00:00","dateModified":"2026-01-09T00:44:47+00:00","breadcrumb":{"@id":"https:\/\/forestlawn.com\/es\/nosotros\/grief-resources\/#breadcrumb"},"inLanguage":"es","potentialAction":[{"@type":"ReadAction","target":["https:\/\/forestlawn.com\/es\/nosotros\/grief-resources\/"]}]},{"@type":"BreadcrumbList","@id":"https:\/\/forestlawn.com\/es\/nosotros\/grief-resources\/#breadcrumb","itemListElement":[{"@type":"ListItem","position":1,"name":"Home","item":"https:\/\/forestlawn.com\/es\/"},{"@type":"ListItem","position":2,"name":"Nosotros","item":"https:\/\/forestlawn.com\/es\/nosotros\/"},{"@type":"ListItem","position":3,"name":"Recursos de Duelo"}]},{"@type":"WebSite","@id":"https:\/\/forestlawn.com\/es\/#website","url":"https:\/\/forestlawn.com\/es\/","name":"Forest Lawn","description":"Forest Lawn","potentialAction":[{"@type":"SearchAction","target":{"@type":"EntryPoint","urlTemplate":"https:\/\/forestlawn.com\/es\/?s={search_term_string}"},"query-input":{"@type":"PropertyValueSpecification","valueRequired":true,"valueName":"search_term_string"}}],"inLanguage":"es"}]}},"_links":{"self":[{"href":"https:\/\/forestlawn.com\/es\/wp-json\/wp\/v2\/pages\/1853","targetHints":{"allow":["GET"]}}],"collection":[{"href":"https:\/\/forestlawn.com\/es\/wp-json\/wp\/v2\/pages"}],"about":[{"href":"https:\/\/forestlawn.com\/es\/wp-json\/wp\/v2\/types\/page"}],"author":[{"embeddable":true,"href":"https:\/\/forestlawn.com\/es\/wp-json\/wp\/v2\/users\/15"}],"replies":[{"embeddable":true,"href":"https:\/\/forestlawn.com\/es\/wp-json\/wp\/v2\/comments?post=1853"}],"version-history":[{"count":0,"href":"https:\/\/forestlawn.com\/es\/wp-json\/wp\/v2\/pages\/1853\/revisions"}],"up":[{"embeddable":true,"href":"https:\/\/forestlawn.com\/es\/wp-json\/wp\/v2\/pages\/1363"}],"wp:attachment":[{"href":"https:\/\/forestlawn.com\/es\/wp-json\/wp\/v2\/media?parent=1853"}],"curies":[{"name":"wp","href":"https:\/\/api.w.org\/{rel}","templated":true}]}}