{"id":30075,"date":"2018-04-04T23:08:40","date_gmt":"2018-04-05T06:08:40","guid":{"rendered":"https:\/\/forestlawn.com\/grief-resources\/suggested-reading\/"},"modified":"2026-01-09T09:13:29","modified_gmt":"2026-01-09T17:13:29","slug":"lectura-sugerida","status":"publish","type":"page","link":"https:\/\/forestlawn.com\/es\/nosotros\/grief-resources\/lectura-sugerida\/","title":{"rendered":"Lectura Recomendada"},"content":{"rendered":"<h2 style=\"line-height: 1em !important;\">Le presentamos una lista de libros sobre diversos temas relacionados con la p\u00e9rdida de un ser querido, que pueden ser de utilidad.<\/h2>\n<p>C\u00f3mo seguir viviendo cuando muere un ser querido<br \/>\npor Teresa Rando | Lexington Books<\/p>\n<p>&nbsp;<\/p>\n<p>C\u00f3mo sobrevivir a la p\u00e9rdida de un amor<br \/>\npor Peter McWilliams, Melba Colgrove y Harold Bloomfield | Preludio de Prensa<\/p>\n<p>&nbsp;<\/p>\n<p>Vivir A trav\u00e9s de luto<br \/>\npor Harriet Sarnoff Schiff | Penguin Books<\/p>\n<p>&nbsp;<\/p>\n<p>FatherLoss; C\u00f3mo Hijos de todas las edades llegan a un acuerdo con la muerte de sus pap\u00e1s<br \/>\npor Neil Chethik | Hyperion Press<\/p>\n<p>&nbsp;<\/p>\n<p>Curaci\u00f3n Duelo coraz\u00f3n de un padre; 100 Ideas pr\u00e1cticas Despu\u00e9s de su hijo muere<br \/>\npor Alan D. Wolfelt, PhD | Compa\u00f1ero de Prensa<\/p>\n<p>&nbsp;<\/p>\n<p>Lo que en la Tierra hace usted cuando alguien muere?<br \/>\npor Trevor Romain | Free Spirit Publishing | (Nota: Escrito para ni\u00f1os; apropiado para todo el mundo)<\/p>\n<p>&nbsp;<\/p>\n<p>Haciendo P\u00e9rdida Materia: Creaci\u00f3n de Significado en tiempos revueltos<br \/>\npor el Rabino David Wolpe | Riverhead Books<\/p>\n<p>&nbsp;<\/p>\n<p>Sopa Tear: Una Receta para la curaci\u00f3n despu\u00e9s de la p\u00e9rdida<br \/>\nPat Schwiebert y Chuck DeKlyen | Grief reloj<\/p>\n<p>&nbsp;<\/p>\n<p>&nbsp;<\/p>\n<h3>Para Los Ni\u00f1os<\/h3>\n<p>&nbsp;<\/p>\n<p>\u00bfQu\u00e9 es la muerte?<br \/>\npor Etan Boritzer | Veronica carril Libros<\/p>\n<p>&nbsp;<\/p>\n<p>Nuestro Jard\u00edn Especial: Entendimiento Cremaci\u00f3n<br \/>\npor Karen L. Carney | Publicaci\u00f3n Dragonfly<\/p>\n<p>&nbsp;<\/p>\n<p>Dime pap\u00e1: Un Libro de Familia Acerca preguntas de los ni\u00f1os sobre la muerte y funerales<br \/>\npor el Dr. Marvin Johnson &amp; Joy Johnson | Centro de Tanatolog\u00eda Investigaci\u00f3n<\/p>\n<p>&nbsp;<\/p>\n<p>The Big Chair: una historia de la pena y Discovery<br \/>\npor Beth Rotondo | Stillpoint Prensa<\/p>\n<p>&nbsp;<\/p>\n<p>The Big Chair: una historia de la pena y Discovery<br \/>\npor Beth Rotondo | Stillpoint Prensa<\/p>\n","protected":false},"excerpt":{"rendered":"<p>Le presentamos una lista de libros sobre diversos temas relacionados con la p\u00e9rdida de un ser querido, que pueden ser de utilidad. C\u00f3mo seguir viviendo [&hellip;]<\/p>\n","protected":false},"author":15,"featured_media":0,"parent":1853,"menu_order":340,"comment_status":"closed","ping_status":"closed","template":"","meta":{"_acf_changed":false,"inline_featured_image":false,"footnotes":""},"class_list":["post-30075","page","type-page","status-publish","hentry"],"acf":[],"yoast_head":"<!-- This site is optimized with the Yoast SEO Premium plugin v27.3 (Yoast SEO v27.3) - https:\/\/yoast.com\/product\/yoast-seo-premium-wordpress\/ -->\n<title>Lectura Recomendada - Forest Lawn<\/title>\n<meta name=\"robots\" content=\"index, follow, max-snippet:-1, max-image-preview:large, max-video-preview:-1\" \/>\n<link rel=\"canonical\" href=\"https:\/\/forestlawn.com\/es\/nosotros\/grief-resources\/lectura-sugerida\/\" \/>\n<meta property=\"og:locale\" content=\"es_ES\" \/>\n<meta property=\"og:type\" content=\"article\" \/>\n<meta property=\"og:title\" content=\"Lectura Recomendada\" \/>\n<meta property=\"og:description\" content=\"Le presentamos una lista de libros sobre diversos temas relacionados con la p\u00e9rdida de un ser querido, que pueden ser de utilidad. C\u00f3mo seguir viviendo [&hellip;]\" \/>\n<meta property=\"og:url\" content=\"https:\/\/forestlawn.com\/es\/nosotros\/grief-resources\/lectura-sugerida\/\" \/>\n<meta property=\"og:site_name\" content=\"Forest Lawn\" \/>\n<meta property=\"article:modified_time\" content=\"2026-01-09T17:13:29+00:00\" \/>\n<meta name=\"twitter:card\" content=\"summary_large_image\" \/>\n<script type=\"application\/ld+json\" class=\"yoast-schema-graph\">{\"@context\":\"https:\\\/\\\/schema.org\",\"@graph\":[{\"@type\":\"WebPage\",\"@id\":\"https:\\\/\\\/forestlawn.com\\\/es\\\/nosotros\\\/grief-resources\\\/lectura-sugerida\\\/\",\"url\":\"https:\\\/\\\/forestlawn.com\\\/es\\\/nosotros\\\/grief-resources\\\/lectura-sugerida\\\/\",\"name\":\"Lectura Recomendada - Forest Lawn\",\"isPartOf\":{\"@id\":\"https:\\\/\\\/forestlawn.com\\\/es\\\/#website\"},\"datePublished\":\"2018-04-05T06:08:40+00:00\",\"dateModified\":\"2026-01-09T17:13:29+00:00\",\"breadcrumb\":{\"@id\":\"https:\\\/\\\/forestlawn.com\\\/es\\\/nosotros\\\/grief-resources\\\/lectura-sugerida\\\/#breadcrumb\"},\"inLanguage\":\"es\",\"potentialAction\":[{\"@type\":\"ReadAction\",\"target\":[\"https:\\\/\\\/forestlawn.com\\\/es\\\/nosotros\\\/grief-resources\\\/lectura-sugerida\\\/\"]}]},{\"@type\":\"BreadcrumbList\",\"@id\":\"https:\\\/\\\/forestlawn.com\\\/es\\\/nosotros\\\/grief-resources\\\/lectura-sugerida\\\/#breadcrumb\",\"itemListElement\":[{\"@type\":\"ListItem\",\"position\":1,\"name\":\"Home\",\"item\":\"https:\\\/\\\/forestlawn.com\\\/es\\\/\"},{\"@type\":\"ListItem\",\"position\":2,\"name\":\"Nosotros\",\"item\":\"https:\\\/\\\/forestlawn.com\\\/es\\\/nosotros\\\/\"},{\"@type\":\"ListItem\",\"position\":3,\"name\":\"Recursos de Duelo\",\"item\":\"https:\\\/\\\/forestlawn.com\\\/es\\\/nosotros\\\/grief-resources\\\/\"},{\"@type\":\"ListItem\",\"position\":4,\"name\":\"Lectura Recomendada\"}]},{\"@type\":\"WebSite\",\"@id\":\"https:\\\/\\\/forestlawn.com\\\/es\\\/#website\",\"url\":\"https:\\\/\\\/forestlawn.com\\\/es\\\/\",\"name\":\"Forest Lawn\",\"description\":\"Forest Lawn\",\"potentialAction\":[{\"@type\":\"SearchAction\",\"target\":{\"@type\":\"EntryPoint\",\"urlTemplate\":\"https:\\\/\\\/forestlawn.com\\\/es\\\/?s={search_term_string}\"},\"query-input\":{\"@type\":\"PropertyValueSpecification\",\"valueRequired\":true,\"valueName\":\"search_term_string\"}}],\"inLanguage\":\"es\"}]}<\/script>\n<!-- \/ Yoast SEO Premium plugin. -->","yoast_head_json":{"title":"Lectura Recomendada - Forest Lawn","robots":{"index":"index","follow":"follow","max-snippet":"max-snippet:-1","max-image-preview":"max-image-preview:large","max-video-preview":"max-video-preview:-1"},"canonical":"https:\/\/forestlawn.com\/es\/nosotros\/grief-resources\/lectura-sugerida\/","og_locale":"es_ES","og_type":"article","og_title":"Lectura Recomendada","og_description":"Le presentamos una lista de libros sobre diversos temas relacionados con la p\u00e9rdida de un ser querido, que pueden ser de utilidad. C\u00f3mo seguir viviendo [&hellip;]","og_url":"https:\/\/forestlawn.com\/es\/nosotros\/grief-resources\/lectura-sugerida\/","og_site_name":"Forest Lawn","article_modified_time":"2026-01-09T17:13:29+00:00","twitter_card":"summary_large_image","schema":{"@context":"https:\/\/schema.org","@graph":[{"@type":"WebPage","@id":"https:\/\/forestlawn.com\/es\/nosotros\/grief-resources\/lectura-sugerida\/","url":"https:\/\/forestlawn.com\/es\/nosotros\/grief-resources\/lectura-sugerida\/","name":"Lectura Recomendada - Forest Lawn","isPartOf":{"@id":"https:\/\/forestlawn.com\/es\/#website"},"datePublished":"2018-04-05T06:08:40+00:00","dateModified":"2026-01-09T17:13:29+00:00","breadcrumb":{"@id":"https:\/\/forestlawn.com\/es\/nosotros\/grief-resources\/lectura-sugerida\/#breadcrumb"},"inLanguage":"es","potentialAction":[{"@type":"ReadAction","target":["https:\/\/forestlawn.com\/es\/nosotros\/grief-resources\/lectura-sugerida\/"]}]},{"@type":"BreadcrumbList","@id":"https:\/\/forestlawn.com\/es\/nosotros\/grief-resources\/lectura-sugerida\/#breadcrumb","itemListElement":[{"@type":"ListItem","position":1,"name":"Home","item":"https:\/\/forestlawn.com\/es\/"},{"@type":"ListItem","position":2,"name":"Nosotros","item":"https:\/\/forestlawn.com\/es\/nosotros\/"},{"@type":"ListItem","position":3,"name":"Recursos de Duelo","item":"https:\/\/forestlawn.com\/es\/nosotros\/grief-resources\/"},{"@type":"ListItem","position":4,"name":"Lectura Recomendada"}]},{"@type":"WebSite","@id":"https:\/\/forestlawn.com\/es\/#website","url":"https:\/\/forestlawn.com\/es\/","name":"Forest Lawn","description":"Forest Lawn","potentialAction":[{"@type":"SearchAction","target":{"@type":"EntryPoint","urlTemplate":"https:\/\/forestlawn.com\/es\/?s={search_term_string}"},"query-input":{"@type":"PropertyValueSpecification","valueRequired":true,"valueName":"search_term_string"}}],"inLanguage":"es"}]}},"_links":{"self":[{"href":"https:\/\/forestlawn.com\/es\/wp-json\/wp\/v2\/pages\/30075","targetHints":{"allow":["GET"]}}],"collection":[{"href":"https:\/\/forestlawn.com\/es\/wp-json\/wp\/v2\/pages"}],"about":[{"href":"https:\/\/forestlawn.com\/es\/wp-json\/wp\/v2\/types\/page"}],"author":[{"embeddable":true,"href":"https:\/\/forestlawn.com\/es\/wp-json\/wp\/v2\/users\/15"}],"replies":[{"embeddable":true,"href":"https:\/\/forestlawn.com\/es\/wp-json\/wp\/v2\/comments?post=30075"}],"version-history":[{"count":0,"href":"https:\/\/forestlawn.com\/es\/wp-json\/wp\/v2\/pages\/30075\/revisions"}],"up":[{"embeddable":true,"href":"https:\/\/forestlawn.com\/es\/wp-json\/wp\/v2\/pages\/1853"}],"wp:attachment":[{"href":"https:\/\/forestlawn.com\/es\/wp-json\/wp\/v2\/media?parent=30075"}],"curies":[{"name":"wp","href":"https:\/\/api.w.org\/{rel}","templated":true}]}}