{"id":30081,"date":"2018-04-04T23:07:26","date_gmt":"2018-04-05T06:07:26","guid":{"rendered":"https:\/\/forestlawn.com\/grief-resources\/understanding-grief\/"},"modified":"2026-01-09T07:00:51","modified_gmt":"2026-01-09T15:00:51","slug":"seminarios","status":"publish","type":"page","link":"https:\/\/forestlawn.com\/es\/nosotros\/grief-resources\/seminarios\/","title":{"rendered":"Seminarios"},"content":{"rendered":"<style>\n.ug {\n  background: #F0F0F0;\n  padding: 5px;\n  color: black;\n  margin: 7px;\n}\n<\/style>\n<p>Lo invitamos a que nos acompa\u00f1e a nuestros Seminarios de Duelo, que se ofrecen durante todo el a\u00f1o.<\/p>\n<p>&nbsp;<\/p>\n<p>Hemos dise\u00f1ado \u00abComprendiendo el duelo\u00bb para ayudar a aquellos que han experimentado la muerte de un familiar o amigo.<br \/>\n&nbsp;<br \/>\n&nbsp;<\/p>\n<h3>Sobrellevando el Duelo en la Temporada Festiva<\/h3>\n<p>&nbsp;<\/p>\n<p>Estos seminarios tienen como prop\u00f3sito ayudar a las personas en Duelo a c\u00f3mo Sobrellevar su Dolor durante la Temporada Festiva.  Todos los seminarios comienzan a las 7:00 de la noche. <\/p>\n<p>&nbsp;<\/p>\n<ul class=\"bullets\">\n<li class=\"ug\"> Lunes 9 de Octubre &#8211; Coachella, Coachella Chapel<\/li>\n<li class=\"ug\"> Martes 10 de Octubre &#8211; Covina, Memory Chapel<\/li>\n<li class=\"ug\"> Mi\u00e9rcoles 11 de Octubre &#8211; Cypress, Arrangement Room<\/li>\n<li class=\"ug\"> Jueves 12 de Octubre &#8211; Long Beach, Arrangement Room<\/li>\n<li class=\"ug\"> Lunes 16 de Octubre &#8211; Glendale, Arrangement Room<\/li>\n<li class=\"ug\"> Mi\u00e9rcoles 18 de Octubre &#8211; Hollywood Hills, Faith Chapel<\/li>\n<\/ul>\n<p>&nbsp;<\/p>\n<p>&nbsp;<br \/>\nAdem\u00e1s de obtener un renovado sentido de esperanza, nuestro objetivo que usted adquiera una perspectiva profunda acerca del duelo, as\u00ed como la comprensi\u00f3n de que no est\u00e1 solo y proveerle recursos que lo ayuden a sobrellevar su proceso de duelo.<\/p>\n<p>&nbsp;<\/p>\n<p>Para obtener m\u00e1s informaci\u00f3n, env\u00edenos un correo electr\u00f3nico\u00a0<a href=\"mailto:griefsupoort@forestlawn.com\">griefsupport@forestlawn.com<\/a> o ll\u00e1menos al 1 (800) 445 4303.<\/p>\n","protected":false},"excerpt":{"rendered":"<p>Lo invitamos a que nos acompa\u00f1e a nuestros Seminarios de Duelo, que se ofrecen durante todo el a\u00f1o. &nbsp; Hemos dise\u00f1ado \u00abComprendiendo el duelo\u00bb para [&hellip;]<\/p>\n","protected":false},"author":15,"featured_media":0,"parent":1853,"menu_order":344,"comment_status":"closed","ping_status":"closed","template":"modules-page.php","meta":{"_acf_changed":false,"inline_featured_image":false,"footnotes":""},"class_list":["post-30081","page","type-page","status-publish","hentry"],"acf":[],"yoast_head":"<!-- This site is optimized with the Yoast SEO Premium plugin v27.2 (Yoast SEO v27.2) - https:\/\/yoast.com\/product\/yoast-seo-premium-wordpress\/ -->\n<title>Seminarios - Forest Lawn<\/title>\n<meta name=\"robots\" content=\"index, follow, max-snippet:-1, max-image-preview:large, max-video-preview:-1\" \/>\n<link rel=\"canonical\" href=\"https:\/\/forestlawn.com\/es\/nosotros\/grief-resources\/seminarios\/\" \/>\n<meta property=\"og:locale\" content=\"es_ES\" \/>\n<meta property=\"og:type\" content=\"article\" \/>\n<meta property=\"og:title\" content=\"Seminarios\" \/>\n<meta property=\"og:description\" content=\"Lo invitamos a que nos acompa\u00f1e a nuestros Seminarios de Duelo, que se ofrecen durante todo el a\u00f1o. &nbsp; Hemos dise\u00f1ado \u00abComprendiendo el duelo\u00bb para [&hellip;]\" \/>\n<meta property=\"og:url\" content=\"https:\/\/forestlawn.com\/es\/nosotros\/grief-resources\/seminarios\/\" \/>\n<meta property=\"og:site_name\" content=\"Forest Lawn\" \/>\n<meta property=\"article:modified_time\" content=\"2026-01-09T15:00:51+00:00\" \/>\n<meta name=\"twitter:card\" content=\"summary_large_image\" \/>\n<script type=\"application\/ld+json\" class=\"yoast-schema-graph\">{\"@context\":\"https:\/\/schema.org\",\"@graph\":[{\"@type\":\"WebPage\",\"@id\":\"https:\/\/forestlawn.com\/es\/nosotros\/grief-resources\/seminarios\/\",\"url\":\"https:\/\/forestlawn.com\/es\/nosotros\/grief-resources\/seminarios\/\",\"name\":\"Seminarios - Forest Lawn\",\"isPartOf\":{\"@id\":\"https:\/\/forestlawn.com\/es\/#website\"},\"datePublished\":\"2018-04-05T06:07:26+00:00\",\"dateModified\":\"2026-01-09T15:00:51+00:00\",\"breadcrumb\":{\"@id\":\"https:\/\/forestlawn.com\/es\/nosotros\/grief-resources\/seminarios\/#breadcrumb\"},\"inLanguage\":\"es\",\"potentialAction\":[{\"@type\":\"ReadAction\",\"target\":[\"https:\/\/forestlawn.com\/es\/nosotros\/grief-resources\/seminarios\/\"]}]},{\"@type\":\"BreadcrumbList\",\"@id\":\"https:\/\/forestlawn.com\/es\/nosotros\/grief-resources\/seminarios\/#breadcrumb\",\"itemListElement\":[{\"@type\":\"ListItem\",\"position\":1,\"name\":\"Home\",\"item\":\"https:\/\/forestlawn.com\/es\/\"},{\"@type\":\"ListItem\",\"position\":2,\"name\":\"Nosotros\",\"item\":\"https:\/\/forestlawn.com\/es\/nosotros\/\"},{\"@type\":\"ListItem\",\"position\":3,\"name\":\"Recursos de Duelo\",\"item\":\"https:\/\/forestlawn.com\/es\/nosotros\/grief-resources\/\"},{\"@type\":\"ListItem\",\"position\":4,\"name\":\"Seminarios\"}]},{\"@type\":\"WebSite\",\"@id\":\"https:\/\/forestlawn.com\/es\/#website\",\"url\":\"https:\/\/forestlawn.com\/es\/\",\"name\":\"Forest Lawn\",\"description\":\"Forest Lawn\",\"potentialAction\":[{\"@type\":\"SearchAction\",\"target\":{\"@type\":\"EntryPoint\",\"urlTemplate\":\"https:\/\/forestlawn.com\/es\/?s={search_term_string}\"},\"query-input\":{\"@type\":\"PropertyValueSpecification\",\"valueRequired\":true,\"valueName\":\"search_term_string\"}}],\"inLanguage\":\"es\"}]}<\/script>\n<!-- \/ Yoast SEO Premium plugin. -->","yoast_head_json":{"title":"Seminarios - Forest Lawn","robots":{"index":"index","follow":"follow","max-snippet":"max-snippet:-1","max-image-preview":"max-image-preview:large","max-video-preview":"max-video-preview:-1"},"canonical":"https:\/\/forestlawn.com\/es\/nosotros\/grief-resources\/seminarios\/","og_locale":"es_ES","og_type":"article","og_title":"Seminarios","og_description":"Lo invitamos a que nos acompa\u00f1e a nuestros Seminarios de Duelo, que se ofrecen durante todo el a\u00f1o. &nbsp; Hemos dise\u00f1ado \u00abComprendiendo el duelo\u00bb para [&hellip;]","og_url":"https:\/\/forestlawn.com\/es\/nosotros\/grief-resources\/seminarios\/","og_site_name":"Forest Lawn","article_modified_time":"2026-01-09T15:00:51+00:00","twitter_card":"summary_large_image","schema":{"@context":"https:\/\/schema.org","@graph":[{"@type":"WebPage","@id":"https:\/\/forestlawn.com\/es\/nosotros\/grief-resources\/seminarios\/","url":"https:\/\/forestlawn.com\/es\/nosotros\/grief-resources\/seminarios\/","name":"Seminarios - Forest Lawn","isPartOf":{"@id":"https:\/\/forestlawn.com\/es\/#website"},"datePublished":"2018-04-05T06:07:26+00:00","dateModified":"2026-01-09T15:00:51+00:00","breadcrumb":{"@id":"https:\/\/forestlawn.com\/es\/nosotros\/grief-resources\/seminarios\/#breadcrumb"},"inLanguage":"es","potentialAction":[{"@type":"ReadAction","target":["https:\/\/forestlawn.com\/es\/nosotros\/grief-resources\/seminarios\/"]}]},{"@type":"BreadcrumbList","@id":"https:\/\/forestlawn.com\/es\/nosotros\/grief-resources\/seminarios\/#breadcrumb","itemListElement":[{"@type":"ListItem","position":1,"name":"Home","item":"https:\/\/forestlawn.com\/es\/"},{"@type":"ListItem","position":2,"name":"Nosotros","item":"https:\/\/forestlawn.com\/es\/nosotros\/"},{"@type":"ListItem","position":3,"name":"Recursos de Duelo","item":"https:\/\/forestlawn.com\/es\/nosotros\/grief-resources\/"},{"@type":"ListItem","position":4,"name":"Seminarios"}]},{"@type":"WebSite","@id":"https:\/\/forestlawn.com\/es\/#website","url":"https:\/\/forestlawn.com\/es\/","name":"Forest Lawn","description":"Forest Lawn","potentialAction":[{"@type":"SearchAction","target":{"@type":"EntryPoint","urlTemplate":"https:\/\/forestlawn.com\/es\/?s={search_term_string}"},"query-input":{"@type":"PropertyValueSpecification","valueRequired":true,"valueName":"search_term_string"}}],"inLanguage":"es"}]}},"_links":{"self":[{"href":"https:\/\/forestlawn.com\/es\/wp-json\/wp\/v2\/pages\/30081","targetHints":{"allow":["GET"]}}],"collection":[{"href":"https:\/\/forestlawn.com\/es\/wp-json\/wp\/v2\/pages"}],"about":[{"href":"https:\/\/forestlawn.com\/es\/wp-json\/wp\/v2\/types\/page"}],"author":[{"embeddable":true,"href":"https:\/\/forestlawn.com\/es\/wp-json\/wp\/v2\/users\/15"}],"replies":[{"embeddable":true,"href":"https:\/\/forestlawn.com\/es\/wp-json\/wp\/v2\/comments?post=30081"}],"version-history":[{"count":0,"href":"https:\/\/forestlawn.com\/es\/wp-json\/wp\/v2\/pages\/30081\/revisions"}],"up":[{"embeddable":true,"href":"https:\/\/forestlawn.com\/es\/wp-json\/wp\/v2\/pages\/1853"}],"wp:attachment":[{"href":"https:\/\/forestlawn.com\/es\/wp-json\/wp\/v2\/media?parent=30081"}],"curies":[{"name":"wp","href":"https:\/\/api.w.org\/{rel}","templated":true}]}}