{"id":30083,"date":"2018-04-03T16:30:54","date_gmt":"2018-04-03T16:30:54","guid":{"rendered":"https:\/\/forestlawn.com\/grief-resources\/when-a-child-dies\/"},"modified":"2020-08-14T22:29:56","modified_gmt":"2020-08-14T22:29:56","slug":"la-perdida-de-un-hijo","status":"publish","type":"page","link":"https:\/\/forestlawn.com\/es\/nosotros\/grief-resources\/la-perdida-de-un-hijo\/","title":{"rendered":"La P\u00e9rdida de un Hijo o una Hija"},"content":{"rendered":"<p>La p\u00e9rdida de un hijo o una hija, sin importar su edad, es sin duda alguna un dolor dif\u00edcil de enfrentar. Las reacciones normales del duelo tales como shock, enojo, culpabilidad, duda y tristeza son en gran manera aumentadas y mucho m\u00e1s prolongadas durante la p\u00e9rdida de un hijo o una hija.<\/p>\n<p>\u2022\u00a0 \u00a0 \u00a0 \u00a0 El dolor de la p\u00e9rdida de un ser querido no viene en etapas. No obstante que el shock que sigue al fallecimiento pasar\u00e1 con el transcurso del tiempo; usted puede que experimente episodios de enojo, culpa, ansiedad y tristeza en los meses posteriores al fallecimiento de su hijo o hija. Sea paciente con usted mismo y recuerde que el duelo es mucho m\u00e1s prolongado que lo que su cultura podr\u00eda esperar.<\/p>\n<p>\u2022\u00a0 \u00a0 \u00a0 \u00a0 Muchas veces los padres dolientes creen que ellos deber\u00edan \u201csentirse mejor\u201d pronto.\u00a0 Algunas veces este mensaje viene de las amistades o familiares cercanos, y\/o muchas veces de los mismos padres. Auque usted no sentir\u00e1 siempre\u00a0 el mismo intenso dolor que sinti\u00f3 al fallecimiento de su hijo o hija, recuerde que usted ha experimentado una gran p\u00e9rdida y que extra\u00f1ar\u00e1 a su hijo o hija por el resto de su vida.<\/p>\n<p>\u2022\u00a0 \u00a0 \u00a0 \u00a0 Todos los que conocieron al hijo o a la hija, incluyendo a los padres, experimentar\u00e1n el duelo de manera diferente. Algunos padres querr\u00e1n hablar de su dolor y del hijo o la hija que falleci\u00f3, otros tendr\u00e1n un tiempo dif\u00edcil para expresar sus sentimientos. Es importante reconocer que cada persona en la familia est\u00e1 desconsolada, y que es por esto que usted no deber\u00eda de tratar de encontrar\u00a0 apoyo y consuelo en ellos. Ser\u00e1 de mucha ayuda que usted busque ese apoyo fuera de su familia, quiz\u00e1s con un amigo, el l\u00edder de su iglesia o en un grupo de apoyo.<\/p>\n<p>\u2022\u00a0 \u00a0 \u00a0 \u00a0 Los padres pueden sentirse agobiados por la culpa despu\u00e9s de la muerte de su hijo o hija. Sin importar si la muerte fue resultado de una enfermedad, accidente, homicidio o suicidio, es muy normal que los padres expresen pensamientos de que en alguna manera fueron responsables por esa muerte. Es normal que tengan sentimientos de autoreproche y pensamientos tales como \u201csi tan s\u00f3lo hubi\u00e9ramos\u2026\u201d El reconocimiento de que estos pensamientos y sentimientos son irracionales, no significa que la persona se est\u00e9 volviendo loca. Estos sentimientos son parte del proceso normal de duelo. Es de mucha utilidad encontrar a alguien que sencillamente le escuche expresar sus sentimientos de culpa, sin intentar convencerle de que no los exprese.<\/p>\n<p>\u2022\u00a0 \u00a0 \u00a0 \u00a0 Al igual que el duelo, el enojo no es una emoci\u00f3n que la gente se sienta c\u00f3moda de expresar. Debido a que la muerte de un hijo o una hija es inherentemente injusta, la ira es una respuesta normal. Es muy importante que usted encuentre maneras para expresar su enojo sin da\u00f1arse a usted mismo ni a alguien m\u00e1s. Algo que puede ayudar es el ejercicio f\u00edsico, escribir un diario o ir al gimnasio. Algunos padres dolientes podr\u00edan intentar calmar su enojo u otra emoci\u00f3n de duelo mediante el uso de f\u00e1rmacos y\/o alcohol. Adem\u00e1s del peligro potencial de convertirse en f\u00e1rmaco-dependiente, el alcohol y los f\u00e1rmacos pueden retrasar la recuperaci\u00f3n del duelo y aumentar los estados depresivos.<\/p>\n<p>\u2022\u00a0 \u00a0 \u00a0 \u00a0 Debido a que nuestra cultura restringe las\u00a0 manifestaciones de dolor especialmente las de los padres dolientes, quiz\u00e1 le incomode que la gente lo vea triste. No reprima su deseo de llorar, incluso en los momentos y sitios m\u00e1s inesperados.<\/p>\n<p>\u2022\u00a0 \u00a0 \u00a0 \u00a0 Existen muchas decisiones que tomar despu\u00e9s del fallecimiento y todas ellas son\u00a0 dif\u00edciles. Posponga tales decisiones hasta que se sienta mejor para hacerlo. No permita que nadie le apresure a tomar decisiones sobre las pertenencias de su hijo o hija. Por ejemplo, algunos padres preferir\u00e1n no tocar nada de la habitaci\u00f3n y otros quiz\u00e1s deseen guardar todas las pertenencias en cajas, ambas reacciones son normales. Pida a alguien que le ayude a colocar todo en cajas y gu\u00e1rdelas hasta que usted ya est\u00e9 listo para decidir que hacer con las pertenencias. La p\u00e9rdida de un hijo o una hija produce un pesar muy doloroso de llevar, quiz\u00e1s no le sea posible reanudar inmediatamente sus actividades normales. Incluso podr\u00eda llegar a cuestionar su fe y salud. Cu\u00eddese a usted mismo y busque ayuda para superar esos d\u00edas dif\u00edciles.<\/p>\n","protected":false},"excerpt":{"rendered":"<p>La p\u00e9rdida de un hijo o una hija, sin importar su edad, es sin duda alguna un dolor dif\u00edcil de enfrentar. Las reacciones normales del [&hellip;]<\/p>\n","protected":false},"author":15,"featured_media":0,"parent":1853,"menu_order":347,"comment_status":"closed","ping_status":"closed","template":"","meta":{"_acf_changed":false,"inline_featured_image":false,"footnotes":""},"class_list":["post-30083","page","type-page","status-publish","hentry"],"acf":[],"yoast_head":"<!-- This site is optimized with the Yoast SEO Premium plugin v27.3 (Yoast SEO v27.3) - https:\/\/yoast.com\/product\/yoast-seo-premium-wordpress\/ -->\n<title>La P\u00e9rdida de un Hijo o una Hija - Forest Lawn<\/title>\n<meta name=\"robots\" content=\"index, follow, max-snippet:-1, max-image-preview:large, max-video-preview:-1\" \/>\n<link rel=\"canonical\" href=\"https:\/\/forestlawn.com\/es\/nosotros\/grief-resources\/la-perdida-de-un-hijo\/\" \/>\n<meta property=\"og:locale\" content=\"es_ES\" \/>\n<meta property=\"og:type\" content=\"article\" \/>\n<meta property=\"og:title\" content=\"La P\u00e9rdida de un Hijo o una Hija\" \/>\n<meta property=\"og:description\" content=\"La p\u00e9rdida de un hijo o una hija, sin importar su edad, es sin duda alguna un dolor dif\u00edcil de enfrentar. Las reacciones normales del [&hellip;]\" \/>\n<meta property=\"og:url\" content=\"https:\/\/forestlawn.com\/es\/nosotros\/grief-resources\/la-perdida-de-un-hijo\/\" \/>\n<meta property=\"og:site_name\" content=\"Forest Lawn\" \/>\n<meta property=\"article:modified_time\" content=\"2020-08-14T22:29:56+00:00\" \/>\n<meta name=\"twitter:card\" content=\"summary_large_image\" \/>\n<script type=\"application\/ld+json\" class=\"yoast-schema-graph\">{\"@context\":\"https:\\\/\\\/schema.org\",\"@graph\":[{\"@type\":\"WebPage\",\"@id\":\"https:\\\/\\\/forestlawn.com\\\/es\\\/nosotros\\\/grief-resources\\\/la-perdida-de-un-hijo\\\/\",\"url\":\"https:\\\/\\\/forestlawn.com\\\/es\\\/nosotros\\\/grief-resources\\\/la-perdida-de-un-hijo\\\/\",\"name\":\"La P\u00e9rdida de un Hijo o una Hija - Forest Lawn\",\"isPartOf\":{\"@id\":\"https:\\\/\\\/forestlawn.com\\\/es\\\/#website\"},\"datePublished\":\"2018-04-03T16:30:54+00:00\",\"dateModified\":\"2020-08-14T22:29:56+00:00\",\"breadcrumb\":{\"@id\":\"https:\\\/\\\/forestlawn.com\\\/es\\\/nosotros\\\/grief-resources\\\/la-perdida-de-un-hijo\\\/#breadcrumb\"},\"inLanguage\":\"es\",\"potentialAction\":[{\"@type\":\"ReadAction\",\"target\":[\"https:\\\/\\\/forestlawn.com\\\/es\\\/nosotros\\\/grief-resources\\\/la-perdida-de-un-hijo\\\/\"]}]},{\"@type\":\"BreadcrumbList\",\"@id\":\"https:\\\/\\\/forestlawn.com\\\/es\\\/nosotros\\\/grief-resources\\\/la-perdida-de-un-hijo\\\/#breadcrumb\",\"itemListElement\":[{\"@type\":\"ListItem\",\"position\":1,\"name\":\"Home\",\"item\":\"https:\\\/\\\/forestlawn.com\\\/es\\\/\"},{\"@type\":\"ListItem\",\"position\":2,\"name\":\"Nosotros\",\"item\":\"https:\\\/\\\/forestlawn.com\\\/es\\\/nosotros\\\/\"},{\"@type\":\"ListItem\",\"position\":3,\"name\":\"Recursos de Duelo\",\"item\":\"https:\\\/\\\/forestlawn.com\\\/es\\\/nosotros\\\/grief-resources\\\/\"},{\"@type\":\"ListItem\",\"position\":4,\"name\":\"La P\u00e9rdida de un Hijo o una Hija\"}]},{\"@type\":\"WebSite\",\"@id\":\"https:\\\/\\\/forestlawn.com\\\/es\\\/#website\",\"url\":\"https:\\\/\\\/forestlawn.com\\\/es\\\/\",\"name\":\"Forest Lawn\",\"description\":\"Forest Lawn\",\"potentialAction\":[{\"@type\":\"SearchAction\",\"target\":{\"@type\":\"EntryPoint\",\"urlTemplate\":\"https:\\\/\\\/forestlawn.com\\\/es\\\/?s={search_term_string}\"},\"query-input\":{\"@type\":\"PropertyValueSpecification\",\"valueRequired\":true,\"valueName\":\"search_term_string\"}}],\"inLanguage\":\"es\"}]}<\/script>\n<!-- \/ Yoast SEO Premium plugin. -->","yoast_head_json":{"title":"La P\u00e9rdida de un Hijo o una Hija - Forest Lawn","robots":{"index":"index","follow":"follow","max-snippet":"max-snippet:-1","max-image-preview":"max-image-preview:large","max-video-preview":"max-video-preview:-1"},"canonical":"https:\/\/forestlawn.com\/es\/nosotros\/grief-resources\/la-perdida-de-un-hijo\/","og_locale":"es_ES","og_type":"article","og_title":"La P\u00e9rdida de un Hijo o una Hija","og_description":"La p\u00e9rdida de un hijo o una hija, sin importar su edad, es sin duda alguna un dolor dif\u00edcil de enfrentar. Las reacciones normales del [&hellip;]","og_url":"https:\/\/forestlawn.com\/es\/nosotros\/grief-resources\/la-perdida-de-un-hijo\/","og_site_name":"Forest Lawn","article_modified_time":"2020-08-14T22:29:56+00:00","twitter_card":"summary_large_image","schema":{"@context":"https:\/\/schema.org","@graph":[{"@type":"WebPage","@id":"https:\/\/forestlawn.com\/es\/nosotros\/grief-resources\/la-perdida-de-un-hijo\/","url":"https:\/\/forestlawn.com\/es\/nosotros\/grief-resources\/la-perdida-de-un-hijo\/","name":"La P\u00e9rdida de un Hijo o una Hija - Forest Lawn","isPartOf":{"@id":"https:\/\/forestlawn.com\/es\/#website"},"datePublished":"2018-04-03T16:30:54+00:00","dateModified":"2020-08-14T22:29:56+00:00","breadcrumb":{"@id":"https:\/\/forestlawn.com\/es\/nosotros\/grief-resources\/la-perdida-de-un-hijo\/#breadcrumb"},"inLanguage":"es","potentialAction":[{"@type":"ReadAction","target":["https:\/\/forestlawn.com\/es\/nosotros\/grief-resources\/la-perdida-de-un-hijo\/"]}]},{"@type":"BreadcrumbList","@id":"https:\/\/forestlawn.com\/es\/nosotros\/grief-resources\/la-perdida-de-un-hijo\/#breadcrumb","itemListElement":[{"@type":"ListItem","position":1,"name":"Home","item":"https:\/\/forestlawn.com\/es\/"},{"@type":"ListItem","position":2,"name":"Nosotros","item":"https:\/\/forestlawn.com\/es\/nosotros\/"},{"@type":"ListItem","position":3,"name":"Recursos de Duelo","item":"https:\/\/forestlawn.com\/es\/nosotros\/grief-resources\/"},{"@type":"ListItem","position":4,"name":"La P\u00e9rdida de un Hijo o una Hija"}]},{"@type":"WebSite","@id":"https:\/\/forestlawn.com\/es\/#website","url":"https:\/\/forestlawn.com\/es\/","name":"Forest Lawn","description":"Forest Lawn","potentialAction":[{"@type":"SearchAction","target":{"@type":"EntryPoint","urlTemplate":"https:\/\/forestlawn.com\/es\/?s={search_term_string}"},"query-input":{"@type":"PropertyValueSpecification","valueRequired":true,"valueName":"search_term_string"}}],"inLanguage":"es"}]}},"_links":{"self":[{"href":"https:\/\/forestlawn.com\/es\/wp-json\/wp\/v2\/pages\/30083","targetHints":{"allow":["GET"]}}],"collection":[{"href":"https:\/\/forestlawn.com\/es\/wp-json\/wp\/v2\/pages"}],"about":[{"href":"https:\/\/forestlawn.com\/es\/wp-json\/wp\/v2\/types\/page"}],"author":[{"embeddable":true,"href":"https:\/\/forestlawn.com\/es\/wp-json\/wp\/v2\/users\/15"}],"replies":[{"embeddable":true,"href":"https:\/\/forestlawn.com\/es\/wp-json\/wp\/v2\/comments?post=30083"}],"version-history":[{"count":0,"href":"https:\/\/forestlawn.com\/es\/wp-json\/wp\/v2\/pages\/30083\/revisions"}],"up":[{"embeddable":true,"href":"https:\/\/forestlawn.com\/es\/wp-json\/wp\/v2\/pages\/1853"}],"wp:attachment":[{"href":"https:\/\/forestlawn.com\/es\/wp-json\/wp\/v2\/media?parent=30083"}],"curies":[{"name":"wp","href":"https:\/\/api.w.org\/{rel}","templated":true}]}}